{"id":1640,"date":"2016-04-26T15:00:41","date_gmt":"2016-04-26T15:00:41","guid":{"rendered":"https:\/\/webwewant.org\/pt-br\/toolkit-fastafrica\/quem-pode-fazer-acontecer\/"},"modified":"2016-05-03T13:57:20","modified_gmt":"2016-05-03T13:57:20","slug":"quem-pode-fazer-acontecer","status":"publish","type":"page","link":"https:\/\/webwewant.org\/pt-br\/toolkit-fastafrica\/quem-pode-fazer-acontecer\/","title":{"rendered":"Quem Pode Fazer Acontecer?"},"content":{"rendered":"<p><em>Este texto faz parte do <a href=\"https:\/\/webwewant.org\/pt-br\/toolkit-fastafrica\/\">Toolkit #FASTAfrica<\/a><\/em><\/p>\n<p><span style=\"font-weight: 400;\">O que precisa mudar em seu pa\u00eds, e quem pode fazer acontecer? Identifique seus alvos, encontre aliados e fa\u00e7a press\u00e3o, exponha preocupa\u00e7\u00e3o e estimule que reflitam e tomem atitude em rela\u00e7\u00e3o \u00e0s principais demandas da campanha<\/span> FASTAfrica. Encontre os canais certos e procure alcan\u00e7\u00e1-los.<span style=\"font-weight: 400;\"> Pode ser pelos media sociais, encontro, email ou os media \u2014 ou todos!\u00a0<\/span><\/p>\n<table>\n<tbody>\n<tr>\n<td>\n<p style=\"text-align: center;\"><b>Alvos e Aliados Sugeridos<\/b><\/p>\n<\/td>\n<\/tr>\n<tr>\n<td><b>Governo<br \/>\n<\/b><span style=\"font-weight: 400;\">Tente contato com seu presidente, ministros e\/ou funcion\u00e1rios de minist\u00e9rios que podem afetar as TICs e os direitos da Internet, em \u00e1reas como infraestrutura, inclus\u00e3o social, desenvolvimento equitativo, educa\u00e7\u00e3o e rela\u00e7\u00f5es exteriores. S\u00e3o eles que rascunham as novas pol\u00edticas e que t\u00eam poder de prioriz\u00e1-las.<\/span><\/td>\n<\/tr>\n<tr>\n<td><b>Setor Corporativo<br \/>\n<\/b><span style=\"font-weight: 400;\">As empresas podem tanto ser alvos ou aliadas (ou os dois). Podem firmar parceria com o governo e apoiar pol\u00edticas que incentivam competi\u00e7\u00e3o e baixam pre\u00e7os em Internet e tecnologia. Empresas de telecomunica\u00e7\u00f5es, start-ups, incubadoras e hubs v\u00e3o concordar que uma Internet r\u00e1pida, acess\u00edvel, segura e transparente \u00e9 necess\u00e1ria.<\/span><\/td>\n<\/tr>\n<tr>\n<td><b>Media<br \/>\n<\/b><span style=\"font-weight: 400;\">Jornalistas de jornais, r\u00e1dio e uma variedade de media e blogs precisam ajudar a comunicar porque Internet acess\u00edvel a todos \u00e9 t\u00e3o importante. Eles tamb\u00e9m podem pressionar o governo a cumprir com as promessas por uma Internet melhor e por mais direitos digitais.<\/span><\/td>\n<\/tr>\n<tr>\n<td><b>Sociedade Civil<\/b><b><br \/>\n<\/b><span style=\"font-weight: 400;\">Uma maior compreens\u00e3o do uso nacional, local e rural da Internet e da telefonia m\u00f3vel ajuda a informar pol\u00edticas melhores e a dar bons argumentos de porque as TICs importam para o desenvolvimento. Universidades, think tanks, institutos de pesquisa e funda\u00e7\u00f5es podem ser seus aliados, em casa e no estrangeiro.<\/span><\/td>\n<\/tr>\n<tr>\n<td><b>Comunidade Web<br \/>\n<\/b><span style=\"font-weight: 400;\">Quais s\u00e3o as organiza\u00e7\u00f5es, os blogueiros, os hackers e os defensores da Web que podem apoiar suas atividades? Conecte-se e fa\u00e7a parcerias com todos que queiram uma Internet melhor, local e regionalmente, e demande a\u00e7\u00e3o de governos, administra\u00e7\u00f5es municipais, empresas etc.<br \/>\n<\/span><\/td>\n<\/tr>\n<\/tbody>\n<\/table>\n","protected":false},"excerpt":{"rendered":"<p>Este texto faz parte do Toolkit #FASTAfrica O que precisa mudar em seu pa\u00eds, e quem pode fazer acontecer? Identifique seus alvos, encontre aliados e fa\u00e7a press\u00e3o, exponha preocupa\u00e7\u00e3o e estimule que reflitam e tomem atitude em rela\u00e7\u00e3o \u00e0s principais demandas da campanha FASTAfrica. Encontre os canais certos e procure alcan\u00e7\u00e1-los. Pode ser pelos media [&hellip;]<\/p>\n","protected":false},"author":5,"featured_media":0,"parent":1639,"menu_order":0,"comment_status":"closed","ping_status":"closed","template":"","meta":{"footnotes":""},"class_list":["post-1640","page","type-page","status-publish","hentry"],"_links":{"self":[{"href":"https:\/\/webwewant.org\/pt-br\/wp-json\/wp\/v2\/pages\/1640"}],"collection":[{"href":"https:\/\/webwewant.org\/pt-br\/wp-json\/wp\/v2\/pages"}],"about":[{"href":"https:\/\/webwewant.org\/pt-br\/wp-json\/wp\/v2\/types\/page"}],"author":[{"embeddable":true,"href":"https:\/\/webwewant.org\/pt-br\/wp-json\/wp\/v2\/users\/5"}],"replies":[{"embeddable":true,"href":"https:\/\/webwewant.org\/pt-br\/wp-json\/wp\/v2\/comments?post=1640"}],"version-history":[{"count":0,"href":"https:\/\/webwewant.org\/pt-br\/wp-json\/wp\/v2\/pages\/1640\/revisions"}],"up":[{"embeddable":true,"href":"https:\/\/webwewant.org\/pt-br\/wp-json\/wp\/v2\/pages\/1639"}],"wp:attachment":[{"href":"https:\/\/webwewant.org\/pt-br\/wp-json\/wp\/v2\/media?parent=1640"}],"curies":[{"name":"wp","href":"https:\/\/api.w.org\/{rel}","templated":true}]}}