{"id":1599,"date":"2016-04-18T12:13:33","date_gmt":"2016-04-18T12:13:33","guid":{"rendered":"https:\/\/webwewant.org\/pt-br\/organize-seu-proprio-evento\/"},"modified":"2016-08-09T09:47:11","modified_gmt":"2016-08-09T09:47:11","slug":"organize-seu-proprio-evento","status":"publish","type":"page","link":"https:\/\/webwewant.org\/pt-br\/toolkit-fastafrica\/organize-seu-proprio-evento\/","title":{"rendered":"Organize seu Pr\u00f3prio Evento"},"content":{"rendered":"<p><a name=\"backtotop\"><\/a><strong>Fa\u00e7a parte da Semana de A\u00e7\u00e3o #FASTAfrica &#8211; 1 a 7 de Maio de 2016!<\/strong><\/p>\n<p>Gostaria de participar da campanha como anfitri\u00e3o de um evento? N\u00e3o precisa de permiss\u00e3o ou credencial especiais para organizar um evento #FASTAfrica. Todos podem apoiar a campanha, chamando aten\u00e7\u00e3o &#8211; do seu jeito &#8211; para a necessidade de se ter uma Internet F.A.S.T. (fast, affordable, safe e transparent), ou seja: r\u00e1pida, acess\u00edvel, segura e transparente.<\/p>\n<ul>\n<li>Visite a <a href=\"https:\/\/webwewant.org\/fast-africa\/\">p\u00e1gina da campanha<\/a> para novidades e atualiza\u00e7\u00f5es do toolkit.<\/li>\n<li><a href=\"https:\/\/webwewant.org\/fast-africa\/\">Registe seu evento<\/a>, e n\u00f3s vamos ajudar a divulg\u00e1-lo.<\/li>\n<li>Veja nosso <a href=\"https:\/\/webwewant.org\/fast-africa\/fastafrica-events-map\/\">mapa de eventos<\/a> para saber o que est\u00e1 a acontecer na sua \u00e1rea.<\/li>\n<\/ul>\n<p><strong>Ideias para Atividades<\/strong><\/p>\n<p>Qualquer pessoa pode organizar uma atividade para a #FASTAfrica \u2014 seja grande ou pequena, silenciosa ou barulhenta. Os eventos da semana de a\u00e7\u00e3o t\u00eam como objetivo amplificar esfor\u00e7os de longo prazo para mudan\u00e7as locais e regionais.<\/p>\n<p>Por gentileza, precisamos que todos publiquem fotos das atividades em tempo real via Facebook e Twitter com a hashtag #FASTAfrica.<br \/>\n<a name=\"largeevents\"><\/a><\/p>\n<ul>\n<li><a href=\"#largeevents\">Ideias para Grupos, Organiza\u00e7\u00f5es e Redes Grandes<\/a><\/li>\n<li><a href=\"#smallevents\">Ideias para Indiv\u00edduos ou Pequenos Grupos<\/a><\/li>\n<li><a href=\"#planevents\">Organize seu Pr\u00f3prio Evento (em 10 Passos)<\/a><\/li>\n<li><a href=\"#granteeguide\">Orienta\u00e7\u00f5es para os Selecionados<\/a><\/li>\n<\/ul>\n<hr \/>\n<p><strong>Ideias para Grupos, Organiza\u00e7\u00f5es e Redes Grandes<\/strong><\/p>\n<p><b>Teste a Velocidade da Internet<\/b><br \/>\nFa\u00e7a uma compara\u00e7\u00e3o entre as velocidades de Internet em pa\u00edses pr\u00f3ximos ao seu e veja como variam em diferentes locais, com diferentes provedores e planos de servi\u00e7os. Voc\u00ea realmente recebe a velocidade divulgada pelo seu provedor de Internet? Pe\u00e7a que outras pessoas testem as suas conex\u00f5es ao utilizar o <a href=\"http:\/\/www.speedtest.net\/\">Speedtest.net<\/a> (crie uma <a href=\"http:\/\/www.speedtest.net\/speedwave-control.php\">Speed Wave<\/a> para compara\u00e7\u00f5es) e fa\u00e7a registo dos n\u00fameros para que possa compor o mapa e discutir os resultados.<\/p>\n<p><b>Participe de um Show de R\u00e1dio<\/b><br \/>\nContate sua esta\u00e7\u00e3o de r\u00e1dio comunit\u00e1ria e veja se eles dedicariam um show ao problema de pre\u00e7o altos dos planos de dados m\u00f3veis e como isso poderia ser resolvido. Consiga uma participa\u00e7\u00e3o ao vivo (ou previamente gravada) de uma pessoa que seja capaz de melhorar o acesso \u00e0 Internet em seu pa\u00eds. Incentive liga\u00e7\u00f5es e intera\u00e7\u00f5es nos media sociais. Ofere\u00e7a um pr\u00eamio para o autor da liga\u00e7\u00e3o 25 ou da mensagem de n\u00famero 25 para manter a audi\u00eancia envolvida.<\/p>\n<p><b>Sal\u00e3o FASTAfrica<\/b><br \/>\nAo inv\u00e9s de um workshop ou confer\u00eancia tradicionais, uma sugest\u00e3o \u00e9 realizar um &#8220;sal\u00e3o&#8221; informal para um grupo de pessoas interessadas em saber mais por que importa ter uma Internet\u00a0r\u00e1pida, acess\u00edvel, segura e transparente, e quais pol\u00edticas funcionam. Combine performances art\u00edsticas (m\u00fasica, v\u00eddeo ou poesia) com apresenta\u00e7\u00f5es curtas e conversativas. Envolva as comunidades criativas onde vive, quem sabe por meio de um centro cultural que pudesse atuar como co-produtor.<\/p>\n<p><b>Noite Pecha Kucha (20 segundos x 20 slides)<\/b><br \/>\nApresenta\u00e7\u00f5es de Powerpoint nunca s\u00e3o entediantes no estilo <a href=\"http:\/\/www.pechakucha.org\/faq\">Pecha Kucha<\/a> de fazer apresenta\u00e7\u00f5es, em que os palestrantes apresentam seu pensamento em apenas 20 slides, sendo que cada slide \u00e9 exibido por apenas 20 segundos. Os t\u00f3picos poderiam ser: O que faz a Internet maravilhosa? O que faz dela uma necessidade, ao inv\u00e9s de um luxo? Como a sociedade se beneficia com a Internet? As pessoas presentes podem escrever seus nomes e ideias em uma colagem gigante de fotos, que ser\u00e1 em seguida enviada para os diretamente envolvidos.<\/p>\n<p><b>Holofotes sobre os especialistas<\/b><br \/>\nTraga um especialista por dia para um espa\u00e7o p\u00fablico ou sala de aula (ou um f\u00f3rum popular online) e deixe que as pessoas presentes perguntem o que quiserem sobre acesso \u00e0 Internet. Como a Internet funciona? Por que o acesso \u00e0 Internet \u00e9 t\u00e3o caro em \u00c1frica quando comparamos com o resto do mundo? O que torna a Internet r\u00e1pida? Como lidar com quedas de Internet? Como fazer criptografia? Depois torne todas as perguntas e respostas dispon\u00edveis publicamente.<\/p>\n<p><b>Mesa-redonda sobre Pol\u00edtica de Internet<\/b><br \/>\nJunte pessoas chave da sociedade civil, do setor p\u00fablico e da iniciativa privada para discutir quais novas pol\u00edticas e a\u00e7\u00f5es s\u00e3o necess\u00e1rias para melhorar o acesso \u00e0 Internet no seu pa\u00eds. Partilhem fatos sobre o estado atual da Internet e de suas regula\u00e7\u00f5es, e discutam como juntar esfor\u00e7os e estrat\u00e9gias para acelerar o processo de mudan\u00e7a. Mantenha registos das reuni\u00f5es e d\u00ea prosseguimento \u00e0s a\u00e7\u00f5es propostas com os participantes.<\/p>\n<p><strong>Proje\u00e7\u00f5es de Luz em P\u00fablico<\/strong><br \/>\nDurante a semana de a\u00e7\u00e3o, projete uma mensagem de campanha poderosa sobre um pr\u00e9dio, no escuro da noite. Diga porque o seu pa\u00eds precisa de uma Internet melhor e o que pode ser feito para torn\u00e1-la mais acess\u00edvel e de pre\u00e7o mais barato para todos. Informe a imprensa e partilhe as fotos de suas proje\u00e7\u00f5es com todos. Exemplos de proje\u00e7\u00f5es ativistas j\u00e1 realizadas: <a href=\"http:\/\/luminousintervention.org\/\">Luminous Intervention<\/a> | <a href=\"http:\/\/beautifultrouble.org\/tactic\/guerrilla-projection\/\">Beautiful trouble<\/a> | <a href=\"https:\/\/blog.witness.org\/2015\/03\/video-projections-illuminator-art-collective\/\">WITNESS<\/a> | <a href=\"http:\/\/www.takepart.com\/article\/2015\/08\/04\/projection-protests\">Take Part<\/a><br \/>\n<a name=\"smallevents\"><\/a><br \/>\n<a href=\"#backtotop\">Voltar ao in\u00edcio<\/a><\/p>\n<hr \/>\n<p><b>Ideias para Indiv\u00edduos ou Pequenos Grupos<\/b><\/p>\n<p><b>Inicie um Mural #FASTAfrica<\/b><br \/>\nPinte uma parede num espa\u00e7o p\u00fablico, usando uma cor escura (obtenha autoriza\u00e7\u00e3o para isso antes, claro). Ent\u00e3o comece uma conversa: &#8220;Por que preciso de uma Internet r\u00e1pida?&#8221;, &#8220;Por que preciso de uma Internet acess\u00edvel?\u201d. Convide as pessoas que caminham por perto a pintar suas respostas, informando nome, idade e profiss\u00e3o. Por exemplo: &#8220;&#8216;Com uma Internet r\u00e1pida e acess\u00edvel, posso falar com meus netos no estrangeiro&#8217;. Lulu, 57, professora. Fotografe seu belo mural e partilhe nas redes sociais usando a #FASTAfrica.<\/p>\n<p><b>Seja o Paparazzi da #FASTAfrica <\/b><br \/>\nCrie uma s\u00e9rie de fotos que mostrem como a Internet \u00e9 acessada em seu pa\u00eds. Descreva-as e informe a localiza\u00e7\u00e3o. \u00c9 r\u00e1pida? \u00c9 lenta? \u00c9 gratuita? \u00c9 muito cara? Quem pode us\u00e1-la e quem n\u00e3o pode? Envie-nos suas fotos ou marque o \u00e1lbum nos media sociais com #FASTAfrica. Atente para public\u00e1-las com uma licen\u00e7a Creative Commons para que outros possam us\u00e1-las para ilustrar a diversidade de acesso \u00e0 Internet, e lembre de pedir permiss\u00e3o \u00e0s pessoas que quiser fotografar. (<a href=\"https:\/\/twitter.com\/dillonmann\/status\/720201697994399744\">Veja exemplo da \u00c1frica do Sul<\/a>)<\/p>\n<p><b>Cante uma M\u00fasica ou Crie um Meme sobre a lentid\u00e3o da Internet<\/b><br \/>\nA sua Internet \u00e9 t\u00e3o lenta ou t\u00e3o cara que faz voc\u00ea querer chorar? Partilhe suas emo\u00e7\u00f5es sobre essa luta que \u00e9 se conectar, fazendo uso de criatividade, humor e lirismo. N\u00e3o consegue encontrar um ponto de acesso p\u00fablico. N\u00e3o pode concorrer \u00e0quele trabalho. N\u00e3o tem dinheiro para os megabytes extras. A Internet caiu na hora da sua reuni\u00e3o por Skype. Todos n\u00f3s conhecemos a sensa\u00e7\u00e3o. Vamos falar sobre isso! Partilhe usando #FASTAfrica e vamos divulgar as melhores aos sete ventos!<\/p>\n<p><b>Junte-se ao nosso Esquadr\u00e3o de Media Sociais<\/b><br \/>\nDurante a semana de a\u00e7\u00e3o #FASTAfrica (1-7 de Maio), seremos muito ativos nos media sociais e queremos que se junte a n\u00f3s! Ajude a liderar ou participar de conversa\u00e7\u00f5es di\u00e1rias sobre t\u00f3picos espec\u00edficos, envolvendo as pessoas de seu pa\u00eds sempre que poss\u00edvel. Ajude a partilhar os saberes e os materiais da campanha #FASTAfrica. Junte-se na hora, ou <a href=\"mailto:renata.avila@webfoundation.org\">envie-nos uma mensagem<\/a> para dizer quando estar\u00e1 online.<\/p>\n<p><b>Hospede uma festa #FASTAfrica na sua casa<\/b><br \/>\nJunte amigos, familiares e colegas para inform\u00e1-los sobre os benef\u00edcios de uma Internet R\u00e1pida, Acess\u00edvel, Segura e Transparente para a sociedade. Discuta sobre uso seguro da Internet, mostre a sua av\u00f3 e irm\u00e3os como usar o Google e o Skype, ou ensine seus amigos a fazer c\u00f3digos b\u00e1sicos ou webdesign. Sendo complexo ou simples, como queira \u2013 ajude a criar a Web que Queremos!<\/p>\n<p><a name=\"planevents\"><\/a><br \/>\n<a href=\"#backtotop\">Voltar ao in\u00edcio<\/a><\/p>\n<hr \/>\n<p><b>Organize seu Pr\u00f3prio Evento <\/b><strong>(em 10 Passos)<\/strong><\/p>\n<p><b>Checklist<\/b><br \/>\n<i class=\"fa fa-square-o\" style=\"color: #000000\"><\/i> O seu evento ou sua atividade tem um objetivo claro?<br \/>\n<i class=\"fa fa-square-o\" style=\"color: #000000\"><\/i> A mensagem da sua campanha tem um destinat\u00e1rio a ser alcan\u00e7ado?<br \/>\n<i class=\"fa fa-square-o\" style=\"color: #000000\"><\/i> Quem vai participar e como ser\u00e3o informados?<br \/>\n<i class=\"fa fa-square-o\" style=\"color: #000000\"><\/i> Tem quest\u00f5es para colegas de outros pa\u00edses?<br \/>\n<i class=\"fa fa-square-o\" style=\"color: #000000\"><\/i> Tem uma estrat\u00e9gia de longo prazo para construir uma mudan\u00e7a?<\/p>\n<p><b>1\u00ba Passo: Metas<\/b><br \/>\nDefina seu objetivo e como ele poder\u00e1 tornar o pre\u00e7o da Internet mais acess\u00edvel em seu pa\u00edses. Defina quem almeja alcan\u00e7ar com sua mensagem, e quantas pessoas ser\u00e3o afetadas.<\/p>\n<p><b>2\u00ba Passo: Evento<\/b><br \/>\nEscreva um cronograma estimado para o evento, com come\u00e7o e fim, e considere se ser\u00e1 envolvente, divertido e de acordo com seus objetivos.<\/p>\n<p><b>3\u00ba Passo: Or\u00e7amento<\/b><br \/>\nExiste um espa\u00e7o gratuito dispon\u00edvel? Precisa de refrescos, folhetos, wifi aberto ou qualquer outra coisa que custa dinheiro? Prepare um or\u00e7amento, procure recursos. (Por ora, n\u00f3s j\u00e1 concedemos todos os recursos de apoio que t\u00ednhamos!)<\/p>\n<p><b>4\u00ba Passo: Convites<\/b><br \/>\nPense a respeito dos participantes e dos parceiros que deseja alcan\u00e7ar. Quais s\u00e3o os interesses deles? Como pode aproximar-se deles? \u00c9 mais aconselh\u00e1vel entrar em contato individualmente com pelo menos 1 semana antes.<\/p>\n<p><b>5\u00ba Passo: Comunica\u00e7\u00e3o<\/b><br \/>\nSer\u00e1 que todos compreendem o objetivo do seu evento e que ele faz parte de uma campanha regional #FASTAfrica? Baixe <a href=\"https:\/\/webwewant.org\/fast-africa\/fastafrica-logo-image-resources\/\">as logos e os materiais da campanha.<\/a><\/p>\n<p><b>6\u00ba Passo: O Grande Dia<\/b><br \/>\nBoa sorte! Esteja aberto para receber feedback e para rever sua estrat\u00e9gia durante o evento, caso algo n\u00e3o saia como esperado.<\/p>\n<p><b>7\u00ba Passo: Partilhar<\/b><br \/>\nRegiste sua atividade para o m\u00e1ximo de visibilidade e impacto. Precisamos que todos partilhem fotos das atividades em tempo real via <a href=\"https:\/\/www.facebook.com\/search\/top\/?q=fastafrica\">Facebook<\/a> e <a href=\"https:\/\/twitter.com\/hashtag\/FASTAfrica?src=hash\">Twitter<\/a> com a hashtag #FASTAfrica. Escreva um relato sint\u00e9tico imediatamente ap\u00f3s o evento para publicar no seu s\u00edtio, nos media sociais ou na <a href=\"https:\/\/webwewant.org\">Web We Want<\/a>. Envie um link ou o texto para n\u00f3s por <a href=\"http:\/\/renata.avila@webfoundation.org\">email<\/a> ou para <a href=\"http:\/\/twitter.com\/webwewant\">@webwewant<\/a>.<\/p>\n<p><b>8\u00ba Passo: Agradecimentos<\/b><br \/>\nBaixe e imprima o Certificado de Participa\u00e7\u00e3o #FASTAfrica em <a href=\"https:\/\/webwewant.org\/wp-content\/uploads\/2016\/03\/www_fastafrica_certificate_ENG.pdf\">Ingl\u00eas<\/a>, <a href=\"https:\/\/webwewant.org\/wp-content\/uploads\/2016\/03\/www_fastafrica_certificate_FR.pdf\">Franc\u00eas<\/a> ou <a href=\"https:\/\/webwewant.org\/wp-content\/uploads\/2016\/03\/www_fastafrica_certificate_PT.pdf\">Portugu\u00eas<\/a> para reconhecer quem participou das atividades e reuni\u00f5es de forma satisfat\u00f3ria.<\/p>\n<p><b>9\u00ba Passo: Fazer Amigos<\/b><br \/>\nProcure manter contato com os participantes e envolva-os em atividades regionais e internacionais da #FASTAfrica e Web We Want, caso estejam interessados.<\/p>\n<p><b>10\u00ba Passo: Avalia\u00e7\u00e3o<\/b><br \/>\nSeja honesto: o que realmente conseguiu alcan\u00e7ar? Houve algo que aprendeu ou conseguiu que o surpreendeu? O que faria diferentemente de uma pr\u00f3xima vez? Conte para n\u00f3s!<br \/>\n<a name=\"granteeguide\"><\/a><\/p>\n<p><a href=\"#backtotop\">Voltar ao in\u00edcio<\/a><\/p>\n<hr \/>\n<p><strong>Orienta\u00e7\u00f5es para os Selecionados<\/strong><br \/>\nSe voc\u00ea foi prestigiado com um apoio financeiro da #FASTAfrica para a realiza\u00e7\u00e3o de atividades, por favor torne vis\u00edvel em todos os seus materiais de camapanha esta informa\u00e7\u00e3o: \u201cEste evento tornou-se poss\u00edvel a partir do apoio financeiro da Web Foundation\u201d. Incentivamos o compartilhamento de todos os materiais e imagens sob licen\u00e7as Creative Commons.<\/p>\n<p><a href=\"#backtotop\">Voltar ao in\u00edcio<\/a><\/p>\n<hr \/>\n<p><b>Outros toolkis de campanha<br \/>\n<\/b><a href=\"https:\/\/teach.mozilla.org\/events\/resources\"><i><br \/>\n<\/i><\/a><i>O <a href=\"https:\/\/www.ifex.org\/campaign_toolkit\/\">toolkit de campanha da IFEX<\/a> oferece conselhos muito \u00fateis para o planeamento de campanhas em prol de liberdade de express\u00e3o.<\/i><\/p>\n<p><i>Para mais ideias de como realizar eventos pequenos, m\u00e9dios ou grandes, veja os recursos indicados pelo Mozilla sobre <a href=\"https:\/\/teach.mozilla.org\/events\/resources\">como organizar \u201cmaker parties\u201d<\/a>.<\/i><\/p>\n<p><a href=\"#backtotop\">Voltar ao in\u00edcio<\/a><\/p>\n","protected":false},"excerpt":{"rendered":"<p>Fa\u00e7a parte da Semana de A\u00e7\u00e3o #FASTAfrica &#8211; 1 a 7 de Maio de 2016! Gostaria de participar da campanha como anfitri\u00e3o de um evento? N\u00e3o precisa de permiss\u00e3o ou credencial especiais para organizar um evento #FASTAfrica. Todos podem apoiar a campanha, chamando aten\u00e7\u00e3o &#8211; do seu jeito &#8211; para a necessidade de se ter [&hellip;]<\/p>\n","protected":false},"author":5,"featured_media":0,"parent":1639,"menu_order":0,"comment_status":"closed","ping_status":"closed","template":"","meta":{"footnotes":""},"class_list":["post-1599","page","type-page","status-publish","hentry"],"_links":{"self":[{"href":"https:\/\/webwewant.org\/pt-br\/wp-json\/wp\/v2\/pages\/1599"}],"collection":[{"href":"https:\/\/webwewant.org\/pt-br\/wp-json\/wp\/v2\/pages"}],"about":[{"href":"https:\/\/webwewant.org\/pt-br\/wp-json\/wp\/v2\/types\/page"}],"author":[{"embeddable":true,"href":"https:\/\/webwewant.org\/pt-br\/wp-json\/wp\/v2\/users\/5"}],"replies":[{"embeddable":true,"href":"https:\/\/webwewant.org\/pt-br\/wp-json\/wp\/v2\/comments?post=1599"}],"version-history":[{"count":0,"href":"https:\/\/webwewant.org\/pt-br\/wp-json\/wp\/v2\/pages\/1599\/revisions"}],"up":[{"embeddable":true,"href":"https:\/\/webwewant.org\/pt-br\/wp-json\/wp\/v2\/pages\/1639"}],"wp:attachment":[{"href":"https:\/\/webwewant.org\/pt-br\/wp-json\/wp\/v2\/media?parent=1599"}],"curies":[{"name":"wp","href":"https:\/\/api.w.org\/{rel}","templated":true}]}}