{"id":1598,"date":"2016-04-26T15:21:53","date_gmt":"2016-04-26T15:21:53","guid":{"rendered":"https:\/\/webwewant.org\/pt-br\/como-conseguir-internet-rapida-acessivel-segura-e-transparente-para-politicas\/"},"modified":"2016-04-26T15:21:53","modified_gmt":"2016-04-26T15:21:53","slug":"como-conseguir-internet-rapida-acessivel-segura-e-transparente-para-politicas","status":"publish","type":"page","link":"https:\/\/webwewant.org\/pt-br\/toolkit-fastafrica\/como-conseguir-internet-rapida-acessivel-segura-e-transparente-para-politicas\/","title":{"rendered":"Como Conseguir Internet R\u00e1pida, Acess\u00edvel, Segura e Transparente? (para pol\u00edticas)"},"content":{"rendered":"<p><em>Este texto faz parte do <a href=\"https:\/\/webwewant.org\/pt-br\/toolkit-fastafrica\/\">#Toolkit de Comunica\u00e7\u00e3o FASTAfrica<\/a><\/em><\/p>\n<p>O texto de uma pol\u00edtica n\u00e3o se comp\u00f5e meramente por palavras vazias num papel. Existe uma correla\u00e7\u00e3o direta entre as pol\u00edticas de TIC de um pa\u00eds e a velocidade, o custo e o alcance do acesso \u00e0 Internet. FASTAfrica \u00e9 uma oportunidade de envolver <a href=\"https:\/\/webwewant.org\/pt-br\/toolkit-fastafrica\/quem-pode-fazer-acontecer\/\">aqueles que podem provocar mudan\u00e7as<\/a>, em di\u00e1logos sobre quais pol\u00edticas s\u00e3o necess\u00e1rias.<\/p>\n<p><b>O que os seus l\u00edderes prometeram?<\/b><\/p>\n<p>No \u00e2mbito internacional, l\u00edderes Africanos fizeram promessas e firmaram compromissos de um acesso mais amplo \u00e0 Internet, como por exemplo nos Objetivos de Desenvolvimento Sustent\u00e1vel da ONU. No \u00e2mbito local, cabe a cada pa\u00eds decidir como que isso acontece e se operacionaliza.<\/p>\n<p>Com exce\u00e7\u00e3o de um clamor p\u00fablico ocasional por conta de uma lei de vigil\u00e2ncia ou uma batalha de censura online, as pol\u00edticas de TIC de seu pa\u00eds podem n\u00e3o ter recebido muita aten\u00e7\u00e3o e cr\u00edtica. J\u00e1 as conhece? Existem grupos da sociedade civil engajados na formula\u00e7\u00e3o de pol\u00edticas? Provavelmente, h\u00e1 espa\u00e7o para mais engajamento p\u00fablico nessa quest\u00e3o.<\/p>\n<p><b>Quais pol\u00edticas podem acelerar uma Internet universal, r\u00e1pida e acess\u00edvel?<\/b><\/p>\n<p>Pode ser avassalador pensar sobre &#8220;acesso universal&#8221; quando apenas 20% dos Africanos est\u00e3o online, mas a boa not\u00edcia \u00e9 que temos uma lista de simples passos para a elabora\u00e7\u00e3o de pol\u00edticas que os governos podem seguir para aumentar o acesso e tornar os pre\u00e7os mais acess\u00edveis rapidamente. Claro que as demandas a terem destaque v\u00e3o depender do que \u00e9 mais importante e alcan\u00e7\u00e1vel no seu pa\u00eds, por\u00e9m as demandas mais b\u00e1sicas incluem:<\/p>\n<p><b>10 Recomenda\u00e7\u00f5es para Pol\u00edticas<\/b><\/p>\n<ol>\n<li><b>Consiga que governos e doadores sejam ativos com seus esfor\u00e7os.<\/b> Governos deveriam convocar e reunir a sociedade civil, a comunidade t\u00e9cnica e a iniciativa privada para revisar (ou criar) planos nacionais de banda larga ou de estrat\u00e9gias de TICs. Esses planos devem estabelecer uma agenda clara e um cronograma de objetivos com prazos para aumentar o acesso \u00e0 Internet e seu empoderamento, e devem alocar os recursos financeiros necess\u00e1rios. Bancos multilaterais e outros doadores devem aumentar os financiamentos de TICs para garantir uma difus\u00e3o mais equ\u00e2nime dos \u201cdividendos digitais\u201d. (<a href=\"http:\/\/a4ai.org\/affordability-report\/report\/2014\/#effective_broadband_strategies\">Mais detalhes<\/a>)<\/li>\n<li><b>Defina consensualmente o que seria &#8220;pre\u00e7o acess\u00edvel&#8221;.<\/b> De acordo com o recente <a href=\"http:\/\/a4ai.org\/affordability-report\/report\/2015\">Relat\u00f3rio de Acessibilidade de Pre\u00e7o<\/a> da A4AI, para que as popula\u00e7\u00f5es marginalizadas, que atualmente est\u00e3o exclu\u00eddos da revolu\u00e7\u00e3o digital, tenham possibilidade de custear seu acesso, precisamos trabalhar numa meta de &#8220;1 para 2&#8221; \u2014 1GB de banda larga m\u00f3vel custando 2% ou menos do valor da renda m\u00e9dia mensal. Nesse n\u00edvel de pre\u00e7o, a maioria das pessoas em cada pa\u00eds poder\u00e1 bancar um acesso regular. Metas anteriores de pre\u00e7os acess\u00edveis <a href=\"https:\/\/blogs.worldbank.org\/ic4d\/broadband-affordability-were-still-not-there-yet?platform=hootsuite\">haviam sido mais ambiciosas<\/a>.<\/li>\n<li><b>Invista em solu\u00e7\u00f5es de acesso p\u00fablico.<\/b> A Internet n\u00e3o \u00e9 como uma vacina, que funciona ap\u00f3s uma \u00fanica aplica\u00e7\u00e3o. Seus benef\u00edcios aumentam com uso frequente. Mesmo com pre\u00e7os mais baixos, se dependermos somente de mecanismos de mercado, um vasto segmento de mulheres, jovens e pobres continuar\u00e3o tendo de racionar seu uso de Internet. Fechar o fosso digital vai demandar forma\u00e7\u00f5es em compet\u00eancias digitais para mais pessoas, e permitindo acesso regular atrav\u00e9s de ofertas de WiFi comunit\u00e1rio e livre ou Internet subsidiada em centros comunit\u00e1rios, escolas etc.<\/li>\n<li><b>Fa\u00e7a melhor uso dos <\/b><a href=\"http:\/\/1e8q3q16vyc81g8l3h3md6q5f5e.wpengine.netdna-cdn.com\/wp-content\/uploads\/2015\/03\/A4AI-USAFs-2015_Final-v.2.pdf\"><b>Fundos de Servi\u00e7o e Acesso Universais<\/b><\/a>. Em muitos pa\u00edses, existem fundos vultosos destinados a conectar os desconectados e que est\u00e3o parados, sem uso. Governos devem gastar esses bilh\u00f5es que est\u00e3o parados, garantindo que sejam investidos em projetos que beneficiem os usu\u00e1rios potenciais mais necessitados.<\/li>\n<li><b>Negocie acordo de taxas justas e transparentes de TICs.<\/b> Governos devem reduzir tarifas de &#8220;luxo&#8221; em aparelhos e servi\u00e7os de TICs, royalties excessivos em patentes tecnol\u00f3gicas, taxas de vendas m\u00faltiplas em tempo de comunica\u00e7\u00e3o de dados, e outros impostos que desencorajam crescimento a longo prazo de empreendedores locais de tecnologia e aumentam os custos para os usu\u00e1rios. <a href=\"https:\/\/www.wilmerhale.com\/uploadedFiles\/Shared_Content\/Editorial\/Publications\/Documents\/The-Smartphone-Royalty-Stack-Armstrong-Mueller-Syrett.pdf\">\u201cAcumula\u00e7\u00e3o de Royalty\u201d<\/a> em aparelhos, por exemplo, pode fazer o pre\u00e7o de um smartphone subir at\u00e9 30%. Uma abordagem que considere empregos e crescimento econ\u00f3mico gerados por um mercado diversificado de TICs \u2014 que garanta que uma parcela justa de rendimentos fique no pa\u00eds \u2014 ir\u00e1 beneficiar a todos.<\/li>\n<li><b>Fa\u00e7a com que mulheres online seja prioridade m\u00e1xima.<\/b> Uma pesquisa da\u00a0<a href=\"http:\/\/webfoundation.org\/wp-content\/uploads\/2015\/10\/womens-rights-online21102015.pdf\"> Web Foundation<\/a> em favelas urbanas de nove pa\u00edses em desenvolvimento mostra que as mulheres t\u00eam 50% menos chance de estar online que homens, e 30-50% menos chance de usar Internet para empoderamento pessoal. Precisamos de pol\u00edticas que foquem especificamente em conectar mulheres com metas concretas em igualdade de g\u00eanero digital \u2014 apoiadas por aloca\u00e7\u00f5es adequadas de or\u00e7amento. Doadores e as ag\u00eancias da ONU deveriam trabalhar com os governos para garantir que organiza\u00e7\u00f5es de mulheres sejam consultadas no desenho de planos e programas de TICs com medidas claras e com c\u00e1lculo de pre\u00e7o.<\/li>\n<li><b>Fa\u00e7a melhor uso da infraestrutura existente de TICs.<\/b> Empresas de telecomunica\u00e7\u00f5es deveriam permitir, a pre\u00e7os de mercado razo\u00e1veis, o acesso de competidores \u00e0 infraestrutura existente, como torres e cabos, e facilitar a partilha ou a troca de espectros (os peda\u00e7os de ondas de dados usadas para transmitir a Internet), e o espectro sem licen\u00e7a e de baixo valor para o benef\u00edcio do p\u00fablico (e.g. WiFi comunit\u00e1rio). Isso dever\u00e1 melhorar as conex\u00f5es e reduzir custos para os provedores, o que por sua vez possibilita curtos mais baixos e melhor servi\u00e7o para os usu\u00e1rios.<\/li>\n<li><b>Adopte a\u00a0<a href=\"http:\/\/africaninternetrights.org\/\">Declara\u00e7\u00e3o Africana de Direitos e Liberdades na Internet<\/a><\/b>. Este documento amplia os direitos humanos, trazendo-os para a era digital atrav\u00e9s de 13 princ\u00edpios claros. Oferece valioso guia para pol\u00edticas sobre direitos digitais que a Uni\u00e3o Africana e seus pa\u00edses membros deveriam adoptar como quadro orientador de pol\u00edticas e reformas legais capazes de encorajar inova\u00e7\u00e3o e liberdade de express\u00e3o online, proteger usu\u00e1rios da Internet contra cibercrimes e discurso de \u00f3dio, e estabelecer limites transparentes, necess\u00e1rios e proporcionais no uso estatal dos poderes de vigil\u00e2ncia.<\/li>\n<li><b>Ajuda e doa\u00e7\u00f5es para acesso \u00e0 Internet deveriam ser apartados das negocia\u00e7\u00f5es de ciberseguran\u00e7a. <\/b>Frequentemente, muitos governos fazem da seguran\u00e7a nacional um escudo para <a href=\"https:\/\/www.weforum.org\/reports\/internet-fragmentation-an-overview\">justificar o controlo de comunica\u00e7\u00f5es pol\u00edticas e, em geral, conte\u00fados que ultrapassam fronteiras<\/a>, aprovando leis precipitadas e mal informadas, com pouco debate p\u00fablico. Embora garantir a seguran\u00e7a de usu\u00e1rios da Internet seja importante, doadores n\u00e3o deveriam pressionar para a adop\u00e7\u00e3o de leis de ciberseguran\u00e7a &#8211; pelo contr\u00e1rio, deveriam investir em e apoiar processos como a Declara\u00e7\u00e3o Africana de Direitos e Liberdades na Internet (citada acima), com um di\u00e1logo sobre essa pol\u00edtica ao n\u00edvel nacional.<\/li>\n<li><b>Implemente o Africa Data Consensus.<\/b> Governos deveriam tomar medidas para tornar seus dados livres, permitindo que a cr\u00edtica e a reutiliza\u00e7\u00e3o por todos, particularmente dados de TICs. Adoptado pela Alta Confer\u00eancia da Uni\u00e3o Africana sobre Revolu\u00e7\u00e3o de Dados e a Comiss\u00e3o Econ\u00f3mica da ONU em 2015, o <a href=\"http:\/\/www.uneca.org\/sites\/default\/files\/PageAttachments\/final_adc_-_english.pdf\">Africa Data Consensus<\/a> diz que &#8220;Dados oficiais pertencem ao povo e devem ser abertos para todos. Por regra, deveriam ser abertos.&#8221;<\/li>\n<\/ol>\n<p>Para mais pesquisas e recomenda\u00e7\u00f5es para pol\u00edticas, confira os recursos produzidos por grupos como a <a href=\"http:\/\/a4ai.org\/\">Alliance for Affordable Internet (A4AI)<\/a>, a <a href=\"http:\/\/www.researchictafrica.net\/home.php\">Research ICT Africa<\/a>, a <a href=\"http:\/\/www.broadbandcommission.org\/Pages\/default.aspx\">BComiss\u00e3o de Banda Larga para o Desenvolvimento Sustent\u00e1vel<\/a>, a <a href=\"http:\/\/www.internetsociety.org\/globalinternetreport\/\">Internet Society <\/a>e a <a href=\"http:\/\/www.cipesa.org\/\">CIPESA<\/a>.<\/p>\n","protected":false},"excerpt":{"rendered":"<p>Este texto faz parte do #Toolkit de Comunica\u00e7\u00e3o FASTAfrica O texto de uma pol\u00edtica n\u00e3o se comp\u00f5e meramente por palavras vazias num papel. Existe uma correla\u00e7\u00e3o direta entre as pol\u00edticas de TIC de um pa\u00eds e a velocidade, o custo e o alcance do acesso \u00e0 Internet. FASTAfrica \u00e9 uma oportunidade de envolver aqueles que [&hellip;]<\/p>\n","protected":false},"author":5,"featured_media":0,"parent":1639,"menu_order":0,"comment_status":"closed","ping_status":"closed","template":"","meta":{"footnotes":""},"class_list":["post-1598","page","type-page","status-publish","hentry"],"_links":{"self":[{"href":"https:\/\/webwewant.org\/pt-br\/wp-json\/wp\/v2\/pages\/1598"}],"collection":[{"href":"https:\/\/webwewant.org\/pt-br\/wp-json\/wp\/v2\/pages"}],"about":[{"href":"https:\/\/webwewant.org\/pt-br\/wp-json\/wp\/v2\/types\/page"}],"author":[{"embeddable":true,"href":"https:\/\/webwewant.org\/pt-br\/wp-json\/wp\/v2\/users\/5"}],"replies":[{"embeddable":true,"href":"https:\/\/webwewant.org\/pt-br\/wp-json\/wp\/v2\/comments?post=1598"}],"version-history":[{"count":0,"href":"https:\/\/webwewant.org\/pt-br\/wp-json\/wp\/v2\/pages\/1598\/revisions"}],"up":[{"embeddable":true,"href":"https:\/\/webwewant.org\/pt-br\/wp-json\/wp\/v2\/pages\/1639"}],"wp:attachment":[{"href":"https:\/\/webwewant.org\/pt-br\/wp-json\/wp\/v2\/media?parent=1598"}],"curies":[{"name":"wp","href":"https:\/\/api.w.org\/{rel}","templated":true}]}}