{"id":1506,"date":"2015-08-04T20:27:06","date_gmt":"2015-08-04T20:27:06","guid":{"rendered":"https:\/\/webwewant.org\/pt-br\/?page_id=1506"},"modified":"2016-04-06T08:40:03","modified_gmt":"2016-04-06T08:40:03","slug":"financiadores","status":"publish","type":"page","link":"https:\/\/webwewant.org\/pt-br\/sobre-nos\/financiadores\/","title":{"rendered":"Financiadores"},"content":{"rendered":"<p class=\"p1\">Somos muito agradecidos \u00e0 <a href=\"http:\/\/www.fordfoundation.org\/\"><span class=\"s2\">Ford Foundation<\/span> <\/a>pelo apoio constante desde que a Web We Want come\u00e7ou, em 2013, e especialmente pelos programas de Microbolsas e Bolsas de R\u00e1pida Resposta, que apoiaram <span class=\"s2\"><a href=\"https:\/\/webwewant.org\/pt-br\/grants\/\">dezenas de iniciativas<\/a><\/span>.<\/p>\n<p><a href=\"http:\/\/webwewant.org\/wp-content\/uploads\/2015\/08\/fordfoundation.jpeg\"><img loading=\"lazy\" decoding=\"async\" class=\"aligncenter size-full wp-image-781\" src=\"http:\/\/webwewant.org\/wp-content\/uploads\/2015\/08\/fordfoundation.jpeg\" alt=\"Ford Foundation\" width=\"352\" height=\"75\" srcset=\"https:\/\/webwewant.org\/wp-content\/uploads\/2015\/08\/fordfoundation.jpeg 352w, https:\/\/webwewant.org\/wp-content\/uploads\/2015\/08\/fordfoundation-300x64.jpeg 300w\" sizes=\"(max-width: 352px) 100vw, 352px\" \/><\/a><img loading=\"lazy\" decoding=\"async\" class=\"alignright size-full wp-image-782\" src=\"http:\/\/webwewant.org\/wp-content\/uploads\/2015\/08\/berthafoundation.png\" alt=\"Bertha Foundation\" width=\"240\" height=\"136\" \/><br \/>\nA\u00a0<a href=\"http:\/\/www.berthafoundation.org\">Bertha Foundation<\/a>\u00a0apoiou nossos esfor\u00e7os de pesquisa e de advocacy, incluindo o nosso relat\u00f3rio mais recente, chamado\u00a0<a href=\"http:\/\/webwewant.org\/news\/download-report-freedom-of-expression-encryption-and-anonymity\/\">Freedom of Expression, Encryption and Anonymity<\/a>.<\/p>\n<p>&nbsp;<\/p>\n<p><a href=\"http:\/\/webwewant.southbankcentre.co.uk\"><img loading=\"lazy\" decoding=\"async\" class=\"alignleft size-full wp-image-783\" src=\"http:\/\/webwewant.org\/wp-content\/uploads\/2015\/08\/wwwlogosq_2.png\" alt=\"Web We Want Festival\" width=\"163\" height=\"122\" \/><\/a><\/p>\n<p class=\"p1\">Com o am\u00e1vel apoio:<\/p>\n<p class=\"p1\">Agradecimentos especiais ao\u00a0<a href=\"http:\/\/www.southbankcentre.co.uk\/\">The South Bank Centre<\/a>\u00a0em Londres e seu Diretor, Jude Kelly, por coorganizar o\u00a0<a style=\"line-height: 1.5;\" href=\"http:\/\/webwewant.southbankcentre.co.uk\/\">Web We Want Festival<\/a>\u00a0<span style=\"line-height: 1.5;\">(2014\/2015).<\/span><\/p>\n<p>&nbsp;<\/p>\n<p><b>Apoie o nosso trabalho<\/b><\/p>\n<p class=\"p1\">Se voc\u00ea estiver interessado em financiar nossos <span class=\"s2\"><a href=\"https:\/\/webwewant.org\/pt-br\/grants\/\">programas de bolsas<\/a><\/span>, apoiar nosso trabalho politico ou ajudar a difundir nosso movimento pelo future da Web, por favor escreva um e-mail para a Diretora de Campanha Global, <span class=\"s2\"><a href=\"mailto:renata.avila@webfoundation.org\">Renata Avila<\/a><\/span>.<\/p>\n<p class=\"p1\">N\u00f3s aceitamos todas as<span class=\"s1\">\u00a0<\/span><span class=\"s2\"><a href=\"https:\/\/webfoundation.secure.nonprofitsoapbox.com\/wwwdonate\">doa\u00e7\u00f5es<\/a><\/span> com os mais sinceros agradecimentos. Verifique os <span class=\"s2\"><a href=\"http:\/\/webfoundation.org\/about\/our-funding\">relat\u00f3rios financeiros<\/a><\/span> da World Wide Web Foundation para mais detalhes sobre nossas finan\u00e7as.<\/p>\n","protected":false},"excerpt":{"rendered":"<p>Somos muito agradecidos \u00e0 Ford Foundation pelo apoio constante desde que a Web We Want come\u00e7ou, em 2013, e especialmente pelos programas de Microbolsas e Bolsas de R\u00e1pida Resposta, que apoiaram dezenas de iniciativas. A\u00a0Bertha Foundation\u00a0apoiou nossos esfor\u00e7os de pesquisa e de advocacy, incluindo o nosso relat\u00f3rio mais recente, chamado\u00a0Freedom of Expression, Encryption and Anonymity. [&hellip;]<\/p>\n","protected":false},"author":5,"featured_media":0,"parent":1477,"menu_order":0,"comment_status":"closed","ping_status":"closed","template":"","meta":{"footnotes":""},"class_list":["post-1506","page","type-page","status-publish","hentry"],"_links":{"self":[{"href":"https:\/\/webwewant.org\/pt-br\/wp-json\/wp\/v2\/pages\/1506"}],"collection":[{"href":"https:\/\/webwewant.org\/pt-br\/wp-json\/wp\/v2\/pages"}],"about":[{"href":"https:\/\/webwewant.org\/pt-br\/wp-json\/wp\/v2\/types\/page"}],"author":[{"embeddable":true,"href":"https:\/\/webwewant.org\/pt-br\/wp-json\/wp\/v2\/users\/5"}],"replies":[{"embeddable":true,"href":"https:\/\/webwewant.org\/pt-br\/wp-json\/wp\/v2\/comments?post=1506"}],"version-history":[{"count":0,"href":"https:\/\/webwewant.org\/pt-br\/wp-json\/wp\/v2\/pages\/1506\/revisions"}],"up":[{"embeddable":true,"href":"https:\/\/webwewant.org\/pt-br\/wp-json\/wp\/v2\/pages\/1477"}],"wp:attachment":[{"href":"https:\/\/webwewant.org\/pt-br\/wp-json\/wp\/v2\/media?parent=1506"}],"curies":[{"name":"wp","href":"https:\/\/api.w.org\/{rel}","templated":true}]}}