{"id":1505,"date":"2015-08-04T20:30:22","date_gmt":"2015-08-04T20:30:22","guid":{"rendered":"https:\/\/webwewant.org\/pt-br\/?page_id=1505"},"modified":"2016-04-06T08:33:24","modified_gmt":"2016-04-06T08:33:24","slug":"politica-de-privacidade","status":"publish","type":"page","link":"https:\/\/webwewant.org\/pt-br\/politica-de-privacidade\/","title":{"rendered":"Pol\u00edtica de Privacidade"},"content":{"rendered":"<p>A Web We Want acredita fortemente que voc\u00ea tem o direito de controlar o uso de suas informa\u00e7\u00f5es pessoais e que a sua privacidade deve ser respeitada. Temos um processamento estritamente limitado de suas informa\u00e7\u00f5es pessoais e trabalhamos apenas com organiza\u00e7\u00f5es que fazem o mesmo. <\/p>\n<p>As informa\u00e7\u00f5es pessoais que voc\u00ea fornece \u00e0 campanha Web We Want ser\u00e3o utilizadas apenas para o servi\u00e7o que voc\u00ea requisitou. A Web We Want n\u00e3o vende, alugue ou permite uso de dados pessoais. N\u00f3s n\u00e3o compramos ou obtemos dados de outras fontes. Qualquer intima\u00e7\u00e3o ou tentativa, de ag\u00eancias governamentais ou de organiza\u00e7\u00f5es do setor privado, de obter acesso a qualquer informa\u00e7\u00e3o que voc\u00ea tiver nos fornecido ser\u00e1 vigorosamente desafiada. <\/p>\n<p>Usamos um n\u00famero de fornecedores de servi\u00e7o de e-mail nos Estados Unidos. Resultado disso \u00e9 que nossas mensagens est\u00e3o legalmente sujeitas a acesso nessas jurisdi\u00e7\u00f5es. Fazemos nosso m\u00e1ximo para remover e-mails dos servidores o mais r\u00e1pido poss\u00edvel para que uma a\u00e7\u00e3o legal seja direcionada a n\u00f3s, ao inv\u00e9s dos nossos provedores de servi\u00e7o de e-mail.<\/p>\n<p>Mantemos um n\u00famero limitado de listas de mailing, e a filia\u00e7\u00e3o \u00e0s listas de mailing \u00e9 confidencial, embora essa informa\u00e7\u00e3o seja partilhada com nossos provedores de servi\u00e7o de e-mail para fins de gerenciamento da lista.<\/p>\n<p><strong>Quest\u00f5es<br \/>\n<\/strong><br \/>\nSe voc\u00ea tiver qualquer quest\u00e3o relativa \u00e0 nossa pol\u00edtica de privacidade ou precisar de esclarecimentos, por favor entre <a href=\"https:\/\/webwewant.org\/pt-br\/contacto\/\">em contato<\/a>.<\/p>\n","protected":false},"excerpt":{"rendered":"<p>A Web We Want acredita fortemente que voc\u00ea tem o direito de controlar o uso de suas informa\u00e7\u00f5es pessoais e que a sua privacidade deve ser respeitada. Temos um processamento estritamente limitado de suas informa\u00e7\u00f5es pessoais e trabalhamos apenas com organiza\u00e7\u00f5es que fazem o mesmo. As informa\u00e7\u00f5es pessoais que voc\u00ea fornece \u00e0 campanha Web We [&hellip;]<\/p>\n","protected":false},"author":5,"featured_media":0,"parent":0,"menu_order":0,"comment_status":"closed","ping_status":"closed","template":"","meta":{"footnotes":""},"class_list":["post-1505","page","type-page","status-publish","hentry"],"_links":{"self":[{"href":"https:\/\/webwewant.org\/pt-br\/wp-json\/wp\/v2\/pages\/1505"}],"collection":[{"href":"https:\/\/webwewant.org\/pt-br\/wp-json\/wp\/v2\/pages"}],"about":[{"href":"https:\/\/webwewant.org\/pt-br\/wp-json\/wp\/v2\/types\/page"}],"author":[{"embeddable":true,"href":"https:\/\/webwewant.org\/pt-br\/wp-json\/wp\/v2\/users\/5"}],"replies":[{"embeddable":true,"href":"https:\/\/webwewant.org\/pt-br\/wp-json\/wp\/v2\/comments?post=1505"}],"version-history":[{"count":0,"href":"https:\/\/webwewant.org\/pt-br\/wp-json\/wp\/v2\/pages\/1505\/revisions"}],"wp:attachment":[{"href":"https:\/\/webwewant.org\/pt-br\/wp-json\/wp\/v2\/media?parent=1505"}],"curies":[{"name":"wp","href":"https:\/\/api.w.org\/{rel}","templated":true}]}}