{"id":1310,"date":"2015-08-04T20:26:36","date_gmt":"2015-08-04T20:26:36","guid":{"rendered":"https:\/\/webwewant.org\/pt-br\/?page_id=1310"},"modified":"2016-03-29T12:00:45","modified_gmt":"2016-03-29T12:00:45","slug":"membros","status":"publish","type":"page","link":"https:\/\/webwewant.org\/pt-br\/membros\/","title":{"rendered":"Membros"},"content":{"rendered":"<p>Nosso corpo de membros \u00e9 composto por mais de 100 organiza\u00e7\u00f5es, de grupos de liberdade de express\u00e3o e direitos do consumidor a espa\u00e7os hacker e clubes de inform\u00e1tica, em quase 60 pa\u00edses. Juntos, n\u00f3s fazemos a ponte entre comunidades tecnol\u00f3gicas e organiza\u00e7\u00f5es de direitos c\u00edvicos e humanos a fim de impulsionar a Web como um bem p\u00fablico e um direito fundamental.<\/p>\n<p>Por meio da filia\u00e7\u00e3o \u00e0 Web We Want, os membros se beneficiam uns com os outros de recursos, ideias compartilhadas e oportunidades para serem bem sucedidos. Eles tamb\u00e9m s\u00e3o encorajados a se candidatar \u00e0s nossas microbolsas. A partir dessa base poderosa, nossos membros se engajam em campanhas e atividades nacionais, regionais e internacionais, e trabalhamos juntos para avan\u00e7ar, em momentos cr\u00edticos para o seu futuro, rumo a uma Web livre e aberta.<\/p>\n<p>Para se filiar \u00e0 Web We Want, favor <a href=\"https:\/\/webwewant.typeform.com\/to\/LhABKx\" target=\"_blank\">inscrever-se aqui.<\/a><\/p>\n<p><strong>Membros<\/strong><\/p>\n","protected":false},"excerpt":{"rendered":"<p>Nosso corpo de membros \u00e9 composto por mais de 100 organiza\u00e7\u00f5es, de grupos de liberdade de express\u00e3o e direitos do consumidor a espa\u00e7os hacker e clubes de inform\u00e1tica, em quase 60 pa\u00edses. Juntos, n\u00f3s fazemos a ponte entre comunidades tecnol\u00f3gicas e organiza\u00e7\u00f5es de direitos c\u00edvicos e humanos a fim de impulsionar a Web como um [&hellip;]<\/p>\n","protected":false},"author":5,"featured_media":0,"parent":0,"menu_order":0,"comment_status":"closed","ping_status":"closed","template":"template-members.php","meta":{"footnotes":""},"class_list":["post-1310","page","type-page","status-publish","hentry"],"_links":{"self":[{"href":"https:\/\/webwewant.org\/pt-br\/wp-json\/wp\/v2\/pages\/1310"}],"collection":[{"href":"https:\/\/webwewant.org\/pt-br\/wp-json\/wp\/v2\/pages"}],"about":[{"href":"https:\/\/webwewant.org\/pt-br\/wp-json\/wp\/v2\/types\/page"}],"author":[{"embeddable":true,"href":"https:\/\/webwewant.org\/pt-br\/wp-json\/wp\/v2\/users\/5"}],"replies":[{"embeddable":true,"href":"https:\/\/webwewant.org\/pt-br\/wp-json\/wp\/v2\/comments?post=1310"}],"version-history":[{"count":0,"href":"https:\/\/webwewant.org\/pt-br\/wp-json\/wp\/v2\/pages\/1310\/revisions"}],"wp:attachment":[{"href":"https:\/\/webwewant.org\/pt-br\/wp-json\/wp\/v2\/media?parent=1310"}],"curies":[{"name":"wp","href":"https:\/\/api.w.org\/{rel}","templated":true}]}}