{"id":1632,"date":"2016-04-26T15:21:53","date_gmt":"2016-04-26T15:21:53","guid":{"rendered":"https:\/\/webwewant.org\/fr\/boite-a-outils-pour-communiquer-sur-fastafrica\/comment-avoir-un-internet-fast-conseils-en-matierede-politique\/"},"modified":"2016-04-26T15:21:53","modified_gmt":"2016-04-26T15:21:53","slug":"comment-avoir-un-internet-fast-conseils-en-matierede-politique","status":"publish","type":"page","link":"https:\/\/webwewant.org\/fr\/boite-a-outils-pour-communiquer-sur-fastafrica\/comment-avoir-un-internet-fast-conseils-en-matierede-politique\/","title":{"rendered":"Comment Avoir Un Internet FAST (Conseils en Mati\u00e8rede Politique)"},"content":{"rendered":"<p><em>Ce texte fait partie de la Bo\u00eete \u00e0 Outil de Communication #FASTAfrica<\/em> Les documents strat\u00e9tgiques traitant de la politique d&#8217;Internet ne sont\u00a0pas que des mots creux. Il existe une corr\u00e9lation directe entre les politiques de TIC d&#8217;un pays donn\u00e9 et la vitesse, le co\u00fbt et la port\u00e9e de l&#8217;acc\u00e8s \u00e0 Internet. FASTAfrica represente une opportunit\u00e9 pour impliquer ceux qui peuvent influencer le changement dans un dialogue sur les politiques n\u00e9c\u00e9ssaires.<\/p>\n<p><b>Qu&#8217;ont promis vos dirigeants?<\/b>\u00a0Les dirigeants africains se sont engag\u00e9s \u00e0 l&#8217;\u00e9chelle internationale d&#8217;oeuvrer pour un acc\u00e8s plus large \u00e0 Internet, comme par exemple dans le cadre des Objectifs de D\u00e9veloppement Durable de l&#8217;ONU. A l&#8217;\u00e9chelle locale, il revient \u00e0 chaque pays, chacun \u00e0 part, de g\u00e9rer ce processus. A part, un totll\u00e9 populaire occasionnel concernant la loi sur la surveillance ou la lutte contre la censure en-ligne, les politiques en TIC dans votre pays, \u00a0n&#8217;ont peut-\u00eatre pas fait l&#8217;objet d&#8217;un examen minutieux. En \u00eates-vous inform\u00e9s? Y a-t-il des groupes de la soci\u00e9t\u00e9 civile impliqu\u00e9s dans la promulgation et la formulation de ces politiques ? Il y a probalement une plus grande marge pour l&#8217;engagement du public.<\/p>\n<p><b>Quelles politiques peuvent-elles faire avancer un Internet universel, rapide et abordable?<\/b>\u00a0 R\u00e9fl\u00e9chir \u00e0 un &#8220;acc\u00e8s universel&#8221; peut s&#8217;av\u00e9rer une t\u00e2che ardue\u00a0alors que seulement\u00a020% \u00a0des africains sont en ligne. La bonne nouvelle est qu&#8217;il existe de simples \u00e9tapes en mati\u00e8re de politique ITC que les gouvernements peuvent adopter pour accro\u00eetre rapidement l&#8217;acc\u00e8s et l&#8217;abordabilit\u00e9. Les demandes sur lesquelles vous \u00a0mettez l&#8217;accent, d\u00e9pendent de ce qui est le plus important \u00a0et gagnable dans votre pays, mais entre temps quelques\u00a0principes de bases peuvent inclure:<\/p>\n<p><b>10 Recommandations en Mati\u00e8re de Politique TIC<\/b><\/p>\n<ol>\n<li><b>Pousser gouvernements et bailleurs de fonds \u00e0 intensifier leurs efforts <\/b>Les gouvernements devraient convoquer \u00a0la soci\u00e9t\u00e9 civile, la communaut\u00e9 technologique et le secteur priv\u00e9 pour r\u00e9-examiner (ou concevoir) des programmes nationaux dans le domaine du haut d\u00e9bit ou des strat\u00e9gies en TIC. Ces plans devraient dresser un \u00a0agenda clair avec une carte de route et des objectifs assortis d&#8217;\u00e9ch\u00e9ances pour augmenter l&#8217;acc\u00e8s \u00e0 Internet \u00a0et l&#8217;autonomisation, de m\u00eame qu&#8217;ils doivent y consacrer les fonds n\u00e9cessaires pour r\u00e9aliser cela. Les banques multilat\u00e9rales et les autres bailleurs de fonds doivent augmenteur leurs donations en faveur des TIC pour garantir une r\u00e9partition plus \u00e9galitaire des \u201cdigital dividendes num\u00e9riques\u201d. (<a href=\"http:\/\/a4ai.org\/affordability-report\/report\/2014\/#effective_broadband_strategies\">Plus de d\u00e9tails<\/a>)<\/li>\n<li><b>S&#8217;entendre sur ce qui est &#8220;abordable&#8221;.<\/b>\u00a0Le tout dernier \u00a0<a href=\"http:\/\/a4ai.org\/affordability-report\/report\/2015\">Rapport d&#8217;Accessibilit\u00e9<\/a>\u00a0d&#8217;A4AI montre que pour que les population marginalis\u00e9es, \u00e9cart\u00e9es pour le moment de la r\u00e9volution digitale, puissent s&#8217;y permettre l&#8217;acc\u00e8s, nous devons oeuvrer vers un objectif d&#8217;accessibilit\u00e9 \u00a0\u201c1 pour 2\u201d \u00a0\u2014 1GB de haut d\u00e9bit mobile, tarifi\u00e9 \u00e0 2% ou encore moins du salaire mensuel moyen. \u00a0A ce niveau de prix l\u00e0, la majorit\u00e9 des gens dans la plupart des pays pourront avoir un acc\u00e8s r\u00e9gulier \u00e0 Internet. Auparavant, les objectifs d&#8217;accessibilit\u00e9 <a href=\"https:\/\/blogs.worldbank.org\/ic4d\/broadband-affordability-were-still-not-there-yet?platform=hootsuite\">plus \u00e9lev\u00e9s<\/a>.<\/li>\n<li><b>Investir dans des solutions portant sur l&#8217;acc\u00e8s public.<\/b>\u00a0L&#8217;Internet n&#8217;est pas comme un vaccin dont ont ressent les r\u00e9sultats apr\u00e8s tout juste une injection. Ses b\u00e9n\u00e9fices augmentent\u00a0gr\u00e2ce \u00e0 son usage r\u00e9gulier.M\u00eame avec des tarifs plus r\u00e9duits, si l&#8217;on compte uniquement sur les m\u00e9canismes de march\u00e9, un grand nombre de femme, de jeunes et de pauvres\u00a0auront tout de m\u00eame \u00e0 rationner leur usage usage d&#8217;Internet. Combler le foss\u00e9 num\u00e9rique, n\u00e9c\u00e9ssitera une formation aux comp\u00e9tences num\u00e9riques pour plus de gens ainsi qu&#8217;un acc\u00e8s r\u00e9gulier au WiFi communautaire et Internet gratuit ou \u00a0subventionn\u00e9 dans les centres communautaires, les \u00e9coles, etc.<\/li>\n<li><b>Faire un meilleur usage du<\/b>\u00a0<a href=\"http:\/\/1e8q3q16vyc81g8l3h3md6q5f5e.wpengine.netdna-cdn.com\/wp-content\/uploads\/2015\/03\/A4AI-USAFs-2015_Final-v.2.pdf\"><b>Service Universel et des \u00a0Fonds destin\u00e9s \u00e0 l&#8217;Accessibilit\u00e9 <\/b><\/a>. Dans de nombreux pays, \u00a0de nombreux fonds r\u00e9serv\u00e9s \u00e0 connecter les non-connect\u00e9s, demeurent unitilis\u00e9s. Les gouvernements doivent d\u00e9penser ces milliards-l\u00e0 et garantir que ces fonds sont vers\u00e9s dans des projets qui profiteront aux \u00a0utilisateurs potentiels en ayant le plus besoin.<\/li>\n<li><b>Etablir des imp\u00f4ts justes et transparents sur les TIC <\/b>Governments Les gouvernements doivent r\u00e9duire les tarifs\u201cluxueux\u201d sur\u00a0les \u00e9quipements et services TIC, les surplus des redevances sur les\u00a0brevets technologiques, les\u00a0multiples taxes de ventes sur la dur\u00e9e de communications ainsi que d&#8217;autres imp\u00f4ts qui\u00a0peuvent infl\u00e9chir la croissance \u00e0 long-terme de l&#8217;entreprenariat technologique local et qui augmenteraient le co\u00fbt pour les utilisateurs. \u00a0<a href=\"https:\/\/www.wilmerhale.com\/uploadedFiles\/Shared_Content\/Editorial\/Publications\/Documents\/The-Smartphone-Royalty-Stack-Armstrong-Mueller-Syrett.pdf\">\u201cLe cumul des redevances\u201d<\/a>\u00a0sur les \u00e9quipements par exemple, peut accro\u00eetre le prix d&#8217;un smartphone d&#8217;environ 30%. Une approche qui consid\u00e8re que les emplois et la croissance \u00e9conomique g\u00e9n\u00e9r\u00e9s gr\u00e2ce \u00e0 un secteur ITC diversifi\u00e9 &#8211; et garantit q&#8217;une partie suffisante des revenus demeure au pays \u2014 profitera \u00e0 tout le monde.<\/li>\n<li><b>Faire de l&#8217;acc\u00e8s des femmes \u00e0 la toile une priorit\u00e9 <\/b><a href=\"http:\/\/webfoundation.org\/wp-content\/uploads\/2015\/10\/womens-rights-online21102015.pdf\">\u00a0Une recherche effection par la Web Foundation<\/a>\u00a0 dans les taudis urbains de neuf pays en voie de d\u00e9veloppement montre que les femmes ont \u00a050% moins de chance que les hommes d&#8217;\u00eatre en ligne de m\u00eame qu&#8217;elles sont entre \u00a030 \u00e0 50% de moins \u00e0 utiliser l&#8217;Internet pour leur autonomisation personnelle. Nous avons besoins de politiques qui visent sp\u00e9cialement \u00e0 connecter les femmes \u00e0 travers des objectifs concrets pour ce qui est de l&#8217;\u00e9galit\u00e9 num\u00e9rique des sexes \u00a0\u2014 appuy\u00e9es par des allocations budg\u00e9taires ad\u00e9quates. Les bailleurs de fonds et les agences onusiennes doivent collaborer avec les gouvernements pour garantir que les organisations f\u00e9minines sont consult\u00e9es au sujet de la conception \u00a0des plans \u00a0et des programmes ITC \u00a0avec des mesures claires et chiffr\u00e9es.<\/li>\n<li><b>Mieux exploiter l&#8217;infrastructure TIC existante <\/b>\u00a0Les entreprises de t\u00e9l\u00e9communications devraient\u00a0accorder l&#8217;acc\u00e8s \u00e0 leurs concurents et ce\u00a0\u00e0 des prix de march\u00e9 raisonnables\u00a0, aux infrastructures on\u00e9reuses, telles que les tours et les cables, de m\u00eame qu&#8217;elles devraient faciliter le partage et la vente de bandes ou des spectres (les morceaux des ondes cr\u00e9aient auparavant des connections Internet) ainsi que l&#8217;utilisation sans license de spectres \u00e0 faible valeur dans l&#8217;int\u00e9r\u00eat g\u00e9n\u00e9ral (ex:WiFi communautaire). Ceci am\u00e9liorera les connections et r\u00e9duira les co\u00fbts pour les fournisseurs, ce qui engendrera des co\u00fbts r\u00e9duits et un meilleur service pour \u00a0les utilisateurs finaux.<\/li>\n<li><b>Adopter la <a href=\"http:\/\/africaninternetrights.org\/\">D\u00e9claration Africaine sur les Droits et les Libert\u00e9s d&#8217;Internet <\/a><\/b>. Ce document se penche sur les principes des droits de l&#8217;homme, en les projetant dans l&#8217;\u00e8re digitale \u00e0 travers 13 principes assez clairs. Ce rapport pr\u00e9sente par ailleurs\u00a0 une importante orientation politique sur les droits num\u00e9riques que l&#8217;Union Africaine et tous ses \u00e9tats membres devraient adopter en tant que cadre directeur pour les r\u00e9formes juridiques et en mati\u00e8re de politique afin d&#8217;encourager l&#8217;innovation et la libert\u00e9 d&#8217;expresson en ligne, prot\u00e9ger les Internautes contre la cybercriminalit\u00e9 et le discours haineux et instaurer des limites transparentes, n\u00e9cessaires et proportionn\u00e9es quant au recours de l&#8217;\u00e9tat \u00e0 la surveillance num\u00e9rique.<\/li>\n<li><b>L&#8217;assistance et le pr\u00eat pour l&#8217;acc\u00e8s \u00e0 Internet devraient \u00eatre s\u00e9par\u00e9es des n\u00e9gociations sur la cybers\u00e9curit\u00e9<\/b>\u00a0Beaucoup de governements utilisent souvent la s\u00e9curit\u00e9 nationale \u00a0<a href=\"https:\/\/www.weforum.org\/reports\/internet-fragmentation-an-overview\">comme pr\u00e9texte pour justifier le contr\u00f4le sur les communications politiques et the control of political communications \u00a0et le contenu transfrontalier en g\u00e9n\u00e9ral<\/a>, en ce en adoptant des lois h\u00e2tives et mal-inform\u00e9es impliquant tr\u00e8s peu de d\u00e9bat public. Alors que garantir la s\u00e9curit\u00e9 des Internautes soit importante, les bailleurs de fonds ne doivent pas trop pression pour une adoption rapide de lois sur la cybers\u00e9curit\u00e9, mais plut\u00f4t investir et supporter des processus telle que la D\u00e9claration Africaine sur les Droits et les Libert\u00e9s d&#8217;Internet (susmentionn\u00e9e) et un par dialogue politique \u00e0 l&#8217;\u00e9chelle nationale.<\/li>\n<li><b>Mettre en oeuvre le Africa Data Consensus &#8211; Consensus sur les Donn\u00e9es Africaines <\/b>Les governements devraient adopter des mesures pour ouvrir leur donn\u00e9es notamment celles relatives aux TIC, \u00e0 tout le monde, en vue de les examiner et les r\u00e9-utiliser. Le\u00a0<a href=\"http:\/\/www.uneca.org\/sites\/default\/files\/PageAttachments\/final_adc_-_english.pdf\">Consensus sur les Donn\u00e9es Africaines \u00a0ou Africa Data Consensus<\/a>, adopt\u00e9es par le Conf\u00e9rence \u00e0 Haut Niveau sur la R\u00e9volution Num\u00e9rique de la Commission Economique Onusienne et l&#8217;Union Africaine en 2015, qui d\u00e9clare que \u00a0les \u00a0\u201cDonn\u00e9es officielles appartiennent au peuple et devraient \u00eatre disponibles \u00e0 tout le monde. Elles devraient \u00eatre disponibles par d\u00e9faut.\u201d<\/li>\n<\/ol>\n<p>Pour plus de recherches et de recommandation en mati\u00e8re de politique TIC, nous vous invitons \u00e0 consulter les ressources produites par des groupes tels que\u00a0<a href=\"http:\/\/a4ai.org\/\">\u00a0Alliance for Affordable Internet &#8211; L&#8217;Alliance pour un Internet Abordable (A4AI)<\/a>, <a href=\"http:\/\/www.researchictafrica.net\/home.php\">Research ICT Africa<\/a>, la \u00a0UN<a href=\"http:\/\/www.broadbandcommission.org\/Pages\/default.aspx\"> Broadband Commission for Sustainable Development<\/a>\u00a0&#8211; La Commission \u00e0 Haut D\u00e9bit des Nations Unies pour le D\u00e9veloppement Durable , l&#8217;<a href=\"http:\/\/www.internetsociety.org\/globalinternetreport\/\">\u00a0Internet Society<\/a>, et\u00a0<a href=\"http:\/\/www.cipesa.org\/\">CIPESA<\/a>.<\/p>\n","protected":false},"excerpt":{"rendered":"<p>Ce texte fait partie de la Bo\u00eete \u00e0 Outil de Communication #FASTAfrica Les documents strat\u00e9tgiques traitant de la politique d&#8217;Internet ne sont\u00a0pas que des mots creux. Il existe une corr\u00e9lation directe entre les politiques de TIC d&#8217;un pays donn\u00e9 et la vitesse, le co\u00fbt et la port\u00e9e de l&#8217;acc\u00e8s \u00e0 Internet. FASTAfrica represente une opportunit\u00e9 [&hellip;]<\/p>\n","protected":false},"author":5,"featured_media":0,"parent":1577,"menu_order":0,"comment_status":"closed","ping_status":"closed","template":"","meta":{"footnotes":""},"class_list":["post-1632","page","type-page","status-publish","hentry"],"_links":{"self":[{"href":"https:\/\/webwewant.org\/fr\/wp-json\/wp\/v2\/pages\/1632"}],"collection":[{"href":"https:\/\/webwewant.org\/fr\/wp-json\/wp\/v2\/pages"}],"about":[{"href":"https:\/\/webwewant.org\/fr\/wp-json\/wp\/v2\/types\/page"}],"author":[{"embeddable":true,"href":"https:\/\/webwewant.org\/fr\/wp-json\/wp\/v2\/users\/5"}],"replies":[{"embeddable":true,"href":"https:\/\/webwewant.org\/fr\/wp-json\/wp\/v2\/comments?post=1632"}],"version-history":[{"count":0,"href":"https:\/\/webwewant.org\/fr\/wp-json\/wp\/v2\/pages\/1632\/revisions"}],"up":[{"embeddable":true,"href":"https:\/\/webwewant.org\/fr\/wp-json\/wp\/v2\/pages\/1577"}],"wp:attachment":[{"href":"https:\/\/webwewant.org\/fr\/wp-json\/wp\/v2\/media?parent=1632"}],"curies":[{"name":"wp","href":"https:\/\/api.w.org\/{rel}","templated":true}]}}