{"id":1602,"date":"2016-04-27T07:58:33","date_gmt":"2016-04-27T07:58:33","guid":{"rendered":"https:\/\/webwewant.org\/fr\/boite-a-outils-pour-communiquer-sur-fastafrica\/9-raisons-pour-lesquelles-lafrique-a-besoin-dun-internet-fast\/"},"modified":"2016-04-27T07:58:33","modified_gmt":"2016-04-27T07:58:33","slug":"9-raisons-pour-lesquelles-lafrique-a-besoin-dun-internet-fast","status":"publish","type":"page","link":"https:\/\/webwewant.org\/fr\/boite-a-outils-pour-communiquer-sur-fastafrica\/9-raisons-pour-lesquelles-lafrique-a-besoin-dun-internet-fast\/","title":{"rendered":"9 Raisons pour lesquelles l&#8217;Afrique A Besoin d&#8217;un Internet FAST"},"content":{"rendered":"<p><em>\u00a0Ce texte fait partie\u00a0de la Bo\u00eete \u00e0 Outils pour Communiquer sur #FASTAfrica\u00a0<\/em><\/p>\n<p>Un Internet Rapide, Abordable, S\u00fbr et Transparent &#8211; FAST, devrait repr\u00e9senter une priorit\u00e9 pour les gouvernements\u00a0africains. Pourquoi ? Les avantages d&#8217;acc\u00e8s sont nombreux et significatifs. Accro\u00eetre l&#8217;acc\u00e8s \u00e0 un Internet FAST peut:<\/p>\n<p><strong>1. Combler la fracture num\u00e9rique et acc\u00e9l\u00e9rer le d\u00e9veloppement\u00a0<\/strong><br \/>\n\u064fEn Afrique, seule une personne sur cinq utilise l&#8217;Internet. Cette situation contraste nettement avec celle que l&#8217;on observe dans les pays d\u00e9velopp\u00e9s \u00a0o\u00fa plus de \u00a082% de la population est d\u00e9j\u00e0 en ligne. Garantir un Internet FAST en Afrique, permettra \u00e0 des milliards \u00a0suppl\u00e9mentaires de gens de se connecter en ligne et de profiter des opportunit\u00e9s socio-\u00e9conomiques auxquels l&#8217;acc\u00e8s \u00e0 Internet \u00a0fournit et qui peuvent changer des vies.<\/p>\n<p><strong>2. Am\u00e9liorer les Services de Sant\u00e9, sauver des vies<\/strong><br \/>\nLes services de sant\u00e9 en-ligne sont d\u00e9j\u00e0 utilis\u00e9s pour combler des lacunes critiques dans ces soins, notamment en zones rurales, celles touch\u00e9es par le conflit ou encore celles mal desservies en Afrique. L&#8217;acc\u00e8s \u00e0 un Internet FAST \u00e9tendra l&#8217;aptitude des citoyens \u00e0 acc\u00e9der et profiter de ces services. Une \u00e9tude effectu\u00e9e par GSM Association juge que les soins de sant\u00e9 en ligne, y compris les diagnostics \u00e0 distance, le conseil, le traitement, et l&#8217;\u00e9ducation dans le domaine de la sant\u00e9 sauveraient plus d&#8217;un million de vies en Afrique Subsaharienne sur cinq ans.<\/p>\n<p><strong>3. Autonomiser les femmes et r\u00e9duire le foss\u00e9 num\u00e9rique entre les sexes, en ligne avec l&#8217;appel de l&#8217;Union Africaine pour une attention sp\u00e9ciale aux droits des femmes en 2016<\/strong><br \/>\nUne recherche effectu\u00e9e par la Fondation Web montre que les femmes ont 50% moins de chance que les hommes de se connecter en ligne dans les zones rurales des pays en d\u00e9veloppement et 25% moins de chance d&#8217;utiliser l&#8217;internet pour chercher un travail. L&#8217;ampleur de l&#8217;\u00e9cart du foss\u00e9 num\u00e9rique entre les sexes varie entre les r\u00e9gions mais se trouve partout. L&#8217;\u00e9cart salarial entre les hommes et les femmes signifie que les femmes devront supporter des co\u00fbts plus \u00e9lev\u00e9s pour se connecter en ligne. Une fois sur la toile, les femmes, font souvent l&#8217;objet d&#8217;abus en ligne. R\u00e9aliser tout le potentiel \u00e9conomique et social que l&#8217;acc\u00e8s \u00e0 Internet offre, n&#8217;aura lieu que lorsqu&#8217;on arrivera \u00e0 faire de l&#8217;Internet FAST une r\u00e9alit\u00e9 pour toutes les femmes. Un rapport par Intel estime que combler le foss\u00e9 de la t\u00e9l\u00e9phonie mobile entre les sexes et connecter 600 millions de femmes suppl\u00e9mentaires, augmentera le PIB mondial d&#8217;environ \u00a0US$13-18 milliards.<\/p>\n<p><strong>4. Contribuer \u00e0 la croissance \u00e9conomique \u00e0 l&#8217;\u00e9chelle locale, r\u00e9gional et nationale, y compris la cr\u00e9ation de 140 million de postes\u00a0<\/strong><br \/>\nSi le taux de p\u00e9n\u00e9tration d&#8217;Internet dans les pays en voie de d\u00e9veloppement \u00e9galisait ceux des pays d\u00e9velopp\u00e9s alors , \u201cl&#8217;activit\u00e9 \u00e9conomique r\u00e9sultante, pourrait g\u00e9n\u00e9rer $2.2 trillions suppl\u00e9mentaires au PIB \u2026 et plus de 140 millions de nouveaux postes de travail,\u201d selon Deloitte.<\/p>\n<p><strong>5. Augmenter l&#8217;acc\u00e8s aux ressources \u00e9ducatives\u00a0<\/strong><br \/>\nConnecter les gens et les \u00e9coles \u00e0 un Internet FAST accro\u00eetra leur acc\u00e8s \u00e0 l&#8217;information, au contenu \u00e9ducatif \u00a0et \u00e0 d&#8217;autres ressources non moins importantes pour am\u00e9liorer les r\u00e9sultats scolaires. Les \u00e9coles rurales, pauvres et autres \u00e9coles sous-\u00e9quip\u00e9es seraient alors en mesure d&#8217;offrir \u00e0 leurs \u00e9tudiants \u00a0un contenu \u00e9ducatif en ligne abordable, voire gratuit et \u00e0 leurs enseignants, des informations essentielles de r\u00e9f\u00e9rence ou alors la formation n\u00e9c\u00e9ssaire pour enseigner. Dans les zones \u00e9loign\u00e9es o\u00fa celles affect\u00e9es par le conflit, l\u00e1 o\u00fa les \u00e9coles peuvent \u00eatre quasi non-existentes, une connection Internet permet aux individus d&#8217;acc\u00e9der \u00e1 des cours libres et gratuits et \u00e1 g\u00e9rer le rythme de leur propre \u00e9ducation. En 2015, seuls 25 pays africains avaient atteint des taux nets de scolarisation de 80% ou plus, ce qui signifie qu&#8217;un Internet FAST pourrait aider des millions d&#8217;enfants non-scolaris\u00e9s.<\/p>\n<p><strong>6. Am\u00e9liorer la production agricole et r\u00e9duire la pauvret\u00e9<\/strong><br \/>\nL&#8217;acc\u00e8s \u00e0 un Internet FAST accorderait \u00e0 tout le monde un acc\u00e8s accru \u00e0 l&#8217;information. Les fermiers connect\u00e9s peuvent acc\u00e9der \u00e0 des informations vitalea pour maximiser la productivit\u00e9 agricole, y compris des infos sur la m\u00e9t\u00e9o, la s\u00e9lection des r\u00e9coltes et des cultures ainsi que la lutte anti-parasitaire. Ils peuvent par ailleurs se connecter aux march\u00e9s et identifier un prix de march\u00e9 comp\u00e9titifs. Selon une \u00e9tude par McKinsey, la croissance agricole en Afrique r\u00e9duit deux fois plus la pauvret\u00e9 en Afrique que celle relative \u00e0 d&#8217;autres secteurs \u2014 une estimation qui n&#8217;est peut-\u00eatre pas si surprenante si l&#8217;on consid\u00e8re que l&#8217;agriculture fournit 70% des emplois en Afrique et y contribue \u00e0 30% de son PIB.<\/p>\n<p><strong>7. Connecter les gens \u00e0 distance, am\u00e9liorer le bien-\u00eatre social\u00a0<\/strong><br \/>\nLes m\u00e9dias sociaux sont devenus l&#8217;un des moyens par lesquels les gens utilisent le Web, une fois connect\u00e9s. Les m\u00e8dias sociaux, e-mails et autres m\u00e9thodes de communication sur la toile, ont permis aux bien-aim\u00e9s de rester en contact \u00e0 travers les distances. Ils permettent \u00e9galement aux r\u00e9fugi\u00e9s et aux autres communaut\u00e9s frapp\u00e9es par le d\u00e9sastre de rester au courant de ce qui se passe dans leurs communaut\u00e9s d&#8217;origine. Ces outils num\u00e9riques permettent aux gens de coordonner et de s&#8217;unir autour d&#8217;int\u00e9r\u00eats et de causes communes et d&#8217;organiser des d\u00e9marches et des activit\u00e9s citoyennes. Bien que la valeur de ces effets soit difficile \u00e1 quantifier, elle ne peut quand m\u00eame \u00eatre surestim\u00e9e.<\/p>\n<p><strong>8. Am\u00e9liorer la gouvernance et les opportunit\u00e9s dans une perspective de participation citoyenne<\/strong><br \/>\nTout le monde profite, quand on combine un Web libre et ouvert avec des ensembles de donn\u00e9es cl\u00e9s rendus publics par les gouvernements. De nouvelles activit\u00e9s et opportunit\u00e9s de travail peuvent \u00eatre cr\u00e9\u00e9s et les citoyens peuvent d\u00e9tecter des pratiques de corruption. Mais une nouvelle \u00e9tude par la Fondation montre que l&#8217;Afrique accuse un retard pour ce qui est de rendre des donn\u00e9es gouvernementales essentielles disponibles aux citoyens. Seul le Nig\u00e9ria pr\u00e9sente \u00e0 ses citoyens certaines donn\u00e9es ouvertes, m\u00eame s&#8217;il ne s&#8217;agit que deux ensemble de donn\u00e9es.<\/p>\n<p><strong>9. Am\u00e9liorer la prestations de services publics au point de rendre jusqu&#8217;\u00e0 $25 milliards de dollars en gains de productivit\u00e9.<\/strong><br \/>\nLa d\u00e9mocratisation de l&#8217;acc\u00e8s \u00e0 un Internet FAST, encouragerait les gouvernements \u00e0 transf\u00e9rer leurs services en ligne et permettrait \u00e0 un plus grand nombre de citoyens d&#8217;acc\u00e9der aux services publics qui auparavant ne leurs \u00e9taient pas accessibles \u2014 ceci est consid\u00e9r\u00e9 comme un d\u00e9veloppement particuli\u00e8rement critique pour ceux qui r\u00e9sident dans des zones rurales o\u00f9 des r\u00e9gions \u00f3u entit\u00e9s et services gouvernementaux font d\u00e9faut. Ouvrir la voie \u00e0 une prestation plus efficace de services publics en Afrique, pourrait r\u00e9aliser des gains de productivit\u00e9 li\u00e9s \u00e0 la technologie de US$10-25 milliards d&#8217;ici 2025, et pourrair am\u00e9liorer les vies des citoyens tout comme la reddition de comptes des gouvernements.<\/p>\n","protected":false},"excerpt":{"rendered":"<p>\u00a0Ce texte fait partie\u00a0de la Bo\u00eete \u00e0 Outils pour Communiquer sur #FASTAfrica\u00a0 Un Internet Rapide, Abordable, S\u00fbr et Transparent &#8211; FAST, devrait repr\u00e9senter une priorit\u00e9 pour les gouvernements\u00a0africains. Pourquoi ? Les avantages d&#8217;acc\u00e8s sont nombreux et significatifs. Accro\u00eetre l&#8217;acc\u00e8s \u00e0 un Internet FAST peut: 1. Combler la fracture num\u00e9rique et acc\u00e9l\u00e9rer le d\u00e9veloppement\u00a0 \u064fEn Afrique, [&hellip;]<\/p>\n","protected":false},"author":5,"featured_media":0,"parent":1577,"menu_order":0,"comment_status":"closed","ping_status":"closed","template":"","meta":{"footnotes":""},"class_list":["post-1602","page","type-page","status-publish","hentry"],"_links":{"self":[{"href":"https:\/\/webwewant.org\/fr\/wp-json\/wp\/v2\/pages\/1602"}],"collection":[{"href":"https:\/\/webwewant.org\/fr\/wp-json\/wp\/v2\/pages"}],"about":[{"href":"https:\/\/webwewant.org\/fr\/wp-json\/wp\/v2\/types\/page"}],"author":[{"embeddable":true,"href":"https:\/\/webwewant.org\/fr\/wp-json\/wp\/v2\/users\/5"}],"replies":[{"embeddable":true,"href":"https:\/\/webwewant.org\/fr\/wp-json\/wp\/v2\/comments?post=1602"}],"version-history":[{"count":0,"href":"https:\/\/webwewant.org\/fr\/wp-json\/wp\/v2\/pages\/1602\/revisions"}],"up":[{"embeddable":true,"href":"https:\/\/webwewant.org\/fr\/wp-json\/wp\/v2\/pages\/1577"}],"wp:attachment":[{"href":"https:\/\/webwewant.org\/fr\/wp-json\/wp\/v2\/media?parent=1602"}],"curies":[{"name":"wp","href":"https:\/\/api.w.org\/{rel}","templated":true}]}}