{"id":1596,"date":"2016-04-25T21:15:47","date_gmt":"2016-04-25T21:15:47","guid":{"rendered":"https:\/\/webwewant.org\/fr\/boite-a-outils-pour-communiquer-sur-fastafrica\/conseils-pour-une-bonne-couverture-mediatique-et-communique-de-presse\/"},"modified":"2016-04-25T21:15:47","modified_gmt":"2016-04-25T21:15:47","slug":"conseils-pour-une-bonne-couverture-mediatique-et-communique-de-presse","status":"publish","type":"page","link":"https:\/\/webwewant.org\/fr\/boite-a-outils-pour-communiquer-sur-fastafrica\/conseils-pour-une-bonne-couverture-mediatique-et-communique-de-presse\/","title":{"rendered":"Conseils pour une Bonne Couverture M\u00e9diatique et Communiqu\u00e9 de Presse"},"content":{"rendered":"<p>Nous voulons vous assister \u00e0 attirer l&#8217;attention des m\u00e9dias sur vos propres activit\u00e9s et sur\u00a0#FASTAfrica. Les journalistes s\u00e9lectionnent souvent\u00a0quelles\u00a0histoires ils vont couvrir selon un communiqu\u00e9 de presse. Ci-dessous un example que vous pouvez envoyer aux reporters. Vous pouvez y ajouter les d\u00e9tails de votre propre \u00e9v\u00e8nement, probablement au second paragraphe.<\/p>\n<p>Quelques astuces pour entretenir une bonne relation avec les m\u00e9dias:<\/p>\n<ul>\n<li>Trouvez tout d&#8217;abord, les coordonn\u00e9es du bon journaliste. Avez-vous lu un article proche ou en relation avec votre activit\u00e9? Quelques minutes de recherche, augmente vos chance de tomber sur la bonne personne. Sinon, essayer de contacter un \u00e9diteur d&#8217;infos.<\/li>\n<li>Il est recommand\u00e9 d&#8217;essayer d&#8217;appeler un reporter pour expliquer pourquoi votre histoire est importante. Les reporters sont des gens occup\u00e9s et peuvent recevoir des centaines d&#8217;e-mails par jour. Un petit coup de fil, serait la meilleure mani\u00e8re de vous assurer que votre message est bel et bien parvenu.<\/li>\n<li>Il est fort probable que m\u00eame au t\u00e9l\u00e9phone, le journaliste n&#8217;aura que tr\u00e8s peu de temps \u00e0 vous consacrer. Du coup, r\u00e9fl\u00e9chissez bien \u00e0 ce que vous allez dire, notamment \u00e0 ce qui pourrait attirer et \u00e9veiller l&#8217;int\u00e9r\u00eat de l&#8217;audience du dit journaliste ou du m\u00e9dia.<\/li>\n<li>Le reporter pourrait vous demander de leur envoyer par un e-mail un communiqu\u00e9 de presse, voire fixer un entretien avec vous ult\u00e9rieurement. Il se pourrait aussi qu&#8217;ils n&#8217;affichent aucun int\u00e9r\u00eat quand \u00e0 votre \u00e9v\u00e8nement.<\/li>\n<li>Bonne chance! Si vous avez quelconque question, vous pouvez nous contacter \u00e0 n&#8217;importe quel moment.<\/li>\n<\/ul>\n<hr \/>\n<p>&nbsp;<\/p>\n<p style=\"text-align: center;\"><strong>COMMUNIQUE DE PRESSE &#8212; 28 avril April, 2016<br \/>\n<\/strong><br \/>\n<strong>Nouveau Movement Panafricain Oeuvre pour un Internet Plus Rapide et Plus Abordable pour Tous<br \/>\n<\/strong><\/p>\n<ul>\n<li style=\"text-align: center;\"><em>Lancement de la \u00a0campagne #FASTAfrica avec des \u00e9v\u00e8nements pr\u00e9vus sur plus de 30 nations africaines durant une semaine d&#8217;action du 1er &#8211; 7, 2016.<\/em><\/li>\n<li style=\"text-align: center;\"><em>Les organisateurs de la campagne veulent que tous les africains aient acc\u00e8s \u00e0 un Internet qui soit Rapide, Abordable, S\u00fbr et Transparent (Fast, Affordable, Safe and Transparent &#8211; FAST) d&#8217;ici 2020.<\/em><\/li>\n<\/ul>\n<p>Nous annon\u00e7ons aujourd&#8217;hui\u00a0#FASTAfrica, une nouvelle campagne qui revendique un Internet plus rapide, plus accessible, et plus abordable pour tous les africains, avant 2020. Le message est que le d\u00e9veloppement, et du coup la vie et le futur des africains en sont tributaires. Les \u00e9v\u00e8nements de la campagne se se d\u00e9rouleront durant la premi\u00e8re semaine du mois de mai, dans plus de 30 pays africains. Les r\u00e9sultats de ces activit\u00e9s seront pr\u00e9sent\u00e9s lors du Forum Economique Mondial sur l&#8217;Afrique et des r\u00e9unions de l&#8217;Union Africaine, plus tard cette ann\u00e9e. N&#8217;importe qui, peut s&#8217;inscrire\u00a0 ici pour accueillir une manifestation ou pour y participer: https:\/\/webwewant.org\/fast-africa\/<\/p>\n<p>L&#8217;Afrique compte 4 sur les 10 \u00e9conomies qui connaissent le plus rapide taux d&#8217;expansion au monde. C&#8217;est en Afrique \u00e9galement que se trouve\u00a0le march\u00e9 pr\u00e9sentant la croissance la plus rapide dans le secteur de la t\u00e9l\u00e9phonie mobile. Toutefois, le continent souffre\u00a0de l&#8217;Internet le plus lent et le plus cher au monde; par cons\u00e9quent presque 80% de la population africaine demeurent d\u00e9connect\u00e9s &#8211; offline. La majorit\u00e9 des gouvernements africains n&#8217;ont pas accord\u00e9 la priorit\u00e9 aux \u00a0politiques en TIC, en d\u00e9pit de s&#8217;\u00eatre engag\u00e9s \u00e0 parvenir \u00e0 un Internet universel et abordable et ce dans l&#8217;ensemble des pays les moins d\u00e9velopp\u00e9es d&#8217;ici 2020. La campagne #FASTAfrica vise \u00e0 changer cette situation en attirant l&#8217;attention populaire \u00e0 ces questions l\u00e0 et en mettant en \u00e9vidence les \u00e9ventuelles solutions.<\/p>\n<p>#FASTAfrica \u00a0a \u00e9t\u00e9 con\u00e7ue par un groupe de travail et de planification et plus de 60 repr\u00e9sentants de groupes et organisations africaines se consacrant aux questions relatives aux droits de l&#8217;internet dans leur pays respectifs. La campagne est coordonn\u00e9e par la Fondation World Wide Web, \u00e9tablie par le fondateur du Web Sir Tim Berners-Lee. Vingt-neuf mini-bourses ont \u00e9t\u00e9 accord\u00e9es \u00e0 des organisations locales accueillant des \u00e9v\u00e8nements durant la semaine d&#8217;action. Ces bourses permettront aux groupes de jeunes, militants pour la technologie, d\u00e9veloppeurs et sp\u00e9cialistes en politique d&#8217;internet \u00e0 organiser des activit\u00e9s au Botswana, en R\u00e9publique D\u00e9mocratique du Congo, Ouganda, Kenya, Burundi, Mali, C\u00f4te d&#8217;Ivoire, Ghana, Nig\u00e9ria, Rwanda, S\u00e9negal, et biens d&#8217;autres pays.<\/p>\n<p>Moses Karanja co-fondateur \u00a0d&#8217;une toute nouvelle politique base de donn\u00e9es ITC africaine en ligne, bas\u00e9e au Kenya et participant \u00e0 #FASTAfrica dit: &#8220;Si vous examinez tous les pays qui jouissent d&#8217;une bonne connection Internet \u00a0dans le monde en d\u00e9veloppement, vous trouverez que tous partagent une caract\u00e9ristique: une politique d\u00e9lib\u00e9r\u00e9e du gouvernement \u00e0 intervenir pour connecter le pays &#8220;.<\/p>\n<p>Renata Avila, Directrice Mondiale de la Fondation Web ajoute\u00a0dans ce sens : &#8220;Pour que l&#8217;Internet ait un r\u00e9el effet transformatif en Afrique, tout le monde devrait \u00eatre capable de se connecter en ligne, \u2014 soit en ayant les moyens d&#8217;avoir un acc\u00e8s permanent ou alors \u00e0 travers un\u00a0 vaste programme d&#8217;acc\u00e8s public. Une fois en ligne, il est important que tout le monde soient au courant que leurs droits seront respect\u00e9s, sinon, ceci limitera la mani\u00e8re dont ils utiliseront le Web. Une vitesse minimale de 4mbps est \u00e9galement n\u00e9cessaire pour profiter au maximum des resources p\u00e9dagogiques et \u00a0sanitaires vitales. Nous devons \u00e9galement \u00eatre transparents quant aux prix, \u00e0 la vitesse et aux politiques gouvernementales afin que quiconque puisse suivre le progr\u00e8s et envisager de nouvelles solutions aux obstacles.\u201d<\/p>\n<p>___________<\/p>\n<p><strong>Revendications Principales de la Campagne\u00a0<\/strong><\/p>\n<p>Nous avons besoin d&#8217;un Internet FAST (<em>Rapide, Abordable, S\u00fbr et Transparent \u00a0&#8211; Fast, Affordable, Safe and Transparent)<\/em>\u00a0en Afrique pour TOUS afin de r\u00e9aliser nos objectifs de d\u00e9veloppement.<\/p>\n<p>Les dirigeants africains se sont engag\u00e9s \u00e0 oeuvrer pour un Internet universel et abordable dans les\u00a0pays les moins d\u00e9velopp\u00e9s d&#8217;ici\u00a02020 par le biais des Objectifs de D\u00e9veloppement Durable de l&#8217;ONU. Une ann\u00e9e apr\u00e8s cette promesse, nous voulons \u00e9couter leur plans concrets pour un Internet qui soit F.A.S.T&#8230;.<\/p>\n<p><strong>Rapide<\/strong>\u00a0&#8211; Pour un impact \u00e9conomique r\u00e9el et \u00e9ducatif, nous avons besoin d&#8217;une vitesse moyenne de chargement et de t\u00e9l\u00e9chargement d&#8217;au moins 4mbps pour une navigation internet et une communication en ligne comfortables.<br \/>\n<strong>Abordable<\/strong> &#8211; Une formule basique de donn\u00e9es pr\u00e9pay\u00e9e d&#8217;1GB devrait\u00a0co\u00fbter moins que\u00a02% du revenu mensuel national moyen, de m\u00eame qu&#8217;il devrait y avoir pleins de points d&#8217;acc\u00e8s publics gratuits.<br \/>\n<strong>S\u00fbr<\/strong>\u00a0&#8211; Notre vie priv\u00e9e, s\u00e9curit\u00e9 et droits en ligne devraient \u00eatre prot\u00e9g\u00e9s et ce conform\u00e9ment \u00e0 la D\u00e9claration Africaine des Droits et des Libert\u00e9s sur Internet, qui devrait \u00eatre adopt\u00e9e par tous.<br \/>\n<strong>Transparent<\/strong> &#8211; Les politiques relatives \u00e0 la Technologie de l&#8217;Information et de la Communication (TIC) \u00a0ainsi que les lois, la taxation et la tarification devraient \u00eatre disponibles en libre acc\u00e8s et faciles \u00e0 comprendre.<\/p>\n[FIN]\n<p>___________<\/p>\n<p><strong>Dates<\/strong><\/p>\n<p>1-7\u00a0mai,\u00a02016 : Semaine d&#8217;action #FASTAfrica (Panafricaine)<br \/>\n11-13 mai, 2016 Forum Economique Mondial sur l&#8217;Afrique (Kigali, Rwanda)<br \/>\nJuin (\u00e0 confirmer): Sommet de l&#8217;Union Africaine<\/p>\n<p><strong>Contacts<\/strong><\/p>\n<p>Pour participer To attend individual events in different countries or speak with local activists engaged with Internet rights in YOUR country, please ask the #FASTAfrica campaign for contact details.<\/p>\n<p>Pour #FASTAfrica: Mme Renata Avila<br \/>\nDirectrice Mondiale, Web We Want (#FASTAfrica)<br \/>\nrenata.avila@webfoundation.org<\/p>\n<p>Pour les faits et les statistiques sur \u00a0la politique d&#8217;Internet: Mme Sonia Jorge<br \/>\nDirectrice Ex\u00e9cutive, Alliance for Affordable Internet (A4AI)<br \/>\nsonia.jorge@webfoundation.org<\/p>\n<p><strong>Logos et Images pour les Campagnes<\/strong><\/p>\n<p>Merci de t\u00e9l\u00e9charger et r\u00e9utiliser gratuitement en papier ou en ligne:\u00a0https:\/\/webwewant.org\/fast-africa\/fastafrica-logo-image-resources\/<\/p>\n<p><strong>Liens<\/strong>:<\/p>\n<p>Page d&#8217;Accueil de la Campagne: https:\/\/webwewant.org\/fast-africa<br \/>\nEchiquier des Ev\u00e8nements: https:\/\/webwewant.org\/fast-africa\/map-of-events<\/p>\n<p><strong>A propos de la Fondation World Wide Web Foundation<\/strong><\/p>\n<p>La Fondation World Wide Web, cr\u00e9\u00e9e par l&#8217;inventeur du Web Sir Tim Berners-Lee, vise \u00e0 instituer\u00a0 le Web ouvert en tant\u00a0que bien public mondial et droit fondamental, instaurant un monde o\u00fa tout le monde, pourrait n&#8217;importe o\u00fa, utiliser internet pour communiquer, collaborer\u00a0et innover librement. Represent\u00e9e par plus d&#8217;une douzaine de nationalit\u00e9s, d\u00e9ploy\u00e9s dans des p\u00f4les \u00e0 Londres,Washington DC et Cape Town, la Fondation World Wide Web op\u00e8re au confluent de la technologie, des droits de l&#8217;homme, ciblant trois domaine clefs: l&#8217;acc\u00e8s, la Vois et la Participation.<\/p>\n<p>Site Web: https:\/\/webfoundation.org<br \/>\nFacebook: https:\/\/facebook.com\/webfoundation<br \/>\nTwitter: https:\/\/twitter.com\/webfoundation<\/p>\n","protected":false},"excerpt":{"rendered":"<p>Nous voulons vous assister \u00e0 attirer l&#8217;attention des m\u00e9dias sur vos propres activit\u00e9s et sur\u00a0#FASTAfrica. Les journalistes s\u00e9lectionnent souvent\u00a0quelles\u00a0histoires ils vont couvrir selon un communiqu\u00e9 de presse. Ci-dessous un example que vous pouvez envoyer aux reporters. Vous pouvez y ajouter les d\u00e9tails de votre propre \u00e9v\u00e8nement, probablement au second paragraphe. Quelques astuces pour entretenir une [&hellip;]<\/p>\n","protected":false},"author":5,"featured_media":0,"parent":1577,"menu_order":0,"comment_status":"closed","ping_status":"closed","template":"","meta":{"footnotes":""},"class_list":["post-1596","page","type-page","status-publish","hentry"],"_links":{"self":[{"href":"https:\/\/webwewant.org\/fr\/wp-json\/wp\/v2\/pages\/1596"}],"collection":[{"href":"https:\/\/webwewant.org\/fr\/wp-json\/wp\/v2\/pages"}],"about":[{"href":"https:\/\/webwewant.org\/fr\/wp-json\/wp\/v2\/types\/page"}],"author":[{"embeddable":true,"href":"https:\/\/webwewant.org\/fr\/wp-json\/wp\/v2\/users\/5"}],"replies":[{"embeddable":true,"href":"https:\/\/webwewant.org\/fr\/wp-json\/wp\/v2\/comments?post=1596"}],"version-history":[{"count":0,"href":"https:\/\/webwewant.org\/fr\/wp-json\/wp\/v2\/pages\/1596\/revisions"}],"up":[{"embeddable":true,"href":"https:\/\/webwewant.org\/fr\/wp-json\/wp\/v2\/pages\/1577"}],"wp:attachment":[{"href":"https:\/\/webwewant.org\/fr\/wp-json\/wp\/v2\/media?parent=1596"}],"curies":[{"name":"wp","href":"https:\/\/api.w.org\/{rel}","templated":true}]}}