{"id":1586,"date":"2016-03-22T22:58:13","date_gmt":"2016-03-22T22:58:13","guid":{"rendered":"https:\/\/webwewant.org\/fr\/logo-et-illustrations\/"},"modified":"2016-08-09T09:44:44","modified_gmt":"2016-08-09T09:44:44","slug":"logo-et-illustrations","status":"publish","type":"page","link":"https:\/\/webwewant.org\/fr\/boite-a-outils-pour-communiquer-sur-fastafrica\/logo-et-illustrations\/","title":{"rendered":"Logo et illustrations"},"content":{"rendered":"<p><strong>Cher \u00a0m\u00e9dias et blogs, nous\u00a0sommes ravis de vous proposer d&#8217;utiliser \u00a0le logo\u00a0<a href=\"https:\/\/webwewant.org\">#FASTAfrica<\/a>\u00a0dans vos posts sur notre campagne.<\/strong><\/p>\n<p><strong>Guide d&#8217;utilisation du logo :<\/strong> FASTAfrica est une campagne ouverte dont l&#8217;organisation est assur\u00e9e par des dizaines de personnes. Vous \u00eates tout \u00e0 fait autoris\u00e9s \u00e0 t\u00e9l\u00e9charger et utiliser ce logo sur les documents promotionnel de votre campagne, soit en ligne, soit imprim\u00e9. Toutefois, nous vous demandons de respecter la r\u00e9putation de la communaut\u00e9 #FASTAfrica. Ne repr\u00e9sentez pas de fa\u00e7on erron\u00e9e nos objectifs et ne vous exprimez pas au nom de Web We Want, de l&#8217;Alliance for Affordable Internet ou de la Web Foundation. Merci\u00a0<a href=\"https:\/\/webwewant.org\/fast-africa\/\">\u00a0d&#8217;enregistrer votre \u00e9v\u00e9nement<\/a>\u00a0afin que nous puissions en tenir compte et l&#8217;ajouter \u00e0 notre carte.<\/p>\n<p><img loading=\"lazy\" decoding=\"async\" class=\"size-full wp-image-1449 alignnone\" src=\"https:\/\/webwewant.org\/wp-content\/uploads\/2016\/03\/www_fastafrica_logo_small.jpg\" alt=\"www_fastafrica_logo_small\" width=\"322\" height=\"221\" srcset=\"https:\/\/webwewant.org\/wp-content\/uploads\/2016\/03\/www_fastafrica_logo_small.jpg 322w, https:\/\/webwewant.org\/wp-content\/uploads\/2016\/03\/www_fastafrica_logo_small-300x206.jpg 300w, https:\/\/webwewant.org\/wp-content\/uploads\/2016\/03\/www_fastafrica_logo_small-145x100.jpg 145w\" sizes=\"(max-width: 322px) 100vw, 322px\" \/><\/p>\n<p><a href=\"https:\/\/webwewant.org\/wp-content\/uploads\/2016\/03\/www_fastafrica_logo_big.jpg\">Cliquez ici pour t\u00e9l\u00e9charger une version .jpg GRANDE (1179 \u00d7 806 px)<br \/>\n<\/a><a href=\"https:\/\/webwewant.org\/wp-content\/uploads\/2016\/03\/www_fastafrica_logo_big.png\">Cliquez ici pour t\u00e9l\u00e9charger une version .png GRANDE sans bords blancs<br \/>\n<\/a><a href=\"https:\/\/webwewant.org\/wp-content\/uploads\/2016\/03\/www_fastafrica_logo_big.gif\">Cliquez ici pour t\u00e9l\u00e9charger une version .gif GRANDE<\/a><\/p>\n<p><strong>Banni\u00e8re pour en-t\u00eate<\/strong>\u00a0(600 x 134 px)<\/p>\n<p><a href=\"https:\/\/webwewant.org\/wp-content\/uploads\/2016\/03\/www_fastafrica_banner_600x134.jpg\"><img loading=\"lazy\" decoding=\"async\" class=\"alignnone size-full wp-image-1475\" src=\"https:\/\/webwewant.org\/wp-content\/uploads\/2016\/03\/www_fastafrica_banner_600x134.jpg\" alt=\"Letterhead banner\" width=\"600\" height=\"134\" srcset=\"https:\/\/webwewant.org\/wp-content\/uploads\/2016\/03\/www_fastafrica_banner_600x134.jpg 600w, https:\/\/webwewant.org\/wp-content\/uploads\/2016\/03\/www_fastafrica_banner_600x134-300x67.jpg 300w\" sizes=\"(max-width: 600px) 100vw, 600px\" \/><\/a><\/p>\n<p><a href=\"https:\/\/webwewant.org\/wp-content\/uploads\/2016\/03\/www_fastafrica_banner_medium.jpg\">Cliquez ici pour t\u00e9l\u00e9charger une version .jpg MOYENNE \u00a0(1216 \u00d7 267 px)<\/a><br \/>\n<a href=\"https:\/\/webwewant.org\/wp-content\/uploads\/2016\/03\/www_fastafrica_banner_highres.jpg\">Cliquer ici pour t\u00e9l\u00e9charger une version .jpg GRANDE (3508 \u00d7 800 px)<\/a><\/p>\n<p><strong>Papier peint d&#8217;\u00e9cran<\/strong><\/p>\n<p><a href=\"https:\/\/webwewant.org\/wp-content\/uploads\/2016\/03\/www_fastafrica_logo_big.png\"><img loading=\"lazy\" decoding=\"async\" class=\"alignnone size-medium wp-image-1450\" src=\"https:\/\/webwewant.org\/wp-content\/uploads\/2016\/03\/www_fastafrica_wallpaper-300x188.jpg\" alt=\"Wallpaper background\" width=\"300\" height=\"188\" srcset=\"https:\/\/webwewant.org\/wp-content\/uploads\/2016\/03\/www_fastafrica_wallpaper-300x188.jpg 300w, https:\/\/webwewant.org\/wp-content\/uploads\/2016\/03\/www_fastafrica_wallpaper-768x480.jpg 768w, https:\/\/webwewant.org\/wp-content\/uploads\/2016\/03\/www_fastafrica_wallpaper-1024x640.jpg 1024w, https:\/\/webwewant.org\/wp-content\/uploads\/2016\/03\/www_fastafrica_wallpaper-810x506.jpg 810w, https:\/\/webwewant.org\/wp-content\/uploads\/2016\/03\/www_fastafrica_wallpaper-1140x713.jpg 1140w, https:\/\/webwewant.org\/wp-content\/uploads\/2016\/03\/www_fastafrica_wallpaper.jpg 1280w\" sizes=\"(max-width: 300px) 100vw, 300px\" \/><\/a><\/p>\n<p><a href=\"https:\/\/webwewant.org\/wp-content\/uploads\/2016\/03\/www_fastafrica_wallpaper.jpg\">Cliquer ici pour t\u00e9l\u00e9charger une version .jpg GRANDE de papier peint d&#8217;\u00e9cran(1280 \u00d7 800 px)<\/a><\/p>\n<div id='gallery-1' class='vce-gallery gallery galleryid-1586 gallery-columns-4 gallery-size-vce-lay-b'><div class=\"vce-gallery-big\"><div class=\"big-gallery-item item-0\" >\r\n\t\t\t<div class='gallery-icon'>\r\n\t\t\t\t<a href='https:\/\/webwewant.org\/wp-content\/uploads\/2016\/03\/www_fastafrica_campaignpic_2.jpg'><img loading=\"lazy\" decoding=\"async\" width=\"810\" height=\"623\" src=\"https:\/\/webwewant.org\/wp-content\/uploads\/2016\/03\/www_fastafrica_campaignpic_2-810x623.jpg\" class=\"attachment-vce-lay-a size-vce-lay-a\" alt=\"\" srcset=\"https:\/\/webwewant.org\/wp-content\/uploads\/2016\/03\/www_fastafrica_campaignpic_2-810x623.jpg 810w, https:\/\/webwewant.org\/wp-content\/uploads\/2016\/03\/www_fastafrica_campaignpic_2-300x231.jpg 300w, https:\/\/webwewant.org\/wp-content\/uploads\/2016\/03\/www_fastafrica_campaignpic_2-768x591.jpg 768w, https:\/\/webwewant.org\/wp-content\/uploads\/2016\/03\/www_fastafrica_campaignpic_2-1024x788.jpg 1024w, https:\/\/webwewant.org\/wp-content\/uploads\/2016\/03\/www_fastafrica_campaignpic_2-1140x877.jpg 1140w, https:\/\/webwewant.org\/wp-content\/uploads\/2016\/03\/www_fastafrica_campaignpic_2.jpg 1536w\" sizes=\"(max-width: 810px) 100vw, 810px\" \/><\/a>\r\n\t\t\t<\/div>\r\n\t\t\t\t<figcaption class='wp-caption-text gallery-caption'>\r\n\t\t\t\tAffordability\r\n\t\t\t\t<\/figcaption><\/div><div class=\"big-gallery-item item-1\" style=\"display:none;\">\r\n\t\t\t<div class='gallery-icon'>\r\n\t\t\t\t<a href='https:\/\/webwewant.org\/wp-content\/uploads\/2016\/03\/www_fastafrica_campaignpic_3.jpg'><img loading=\"lazy\" decoding=\"async\" width=\"810\" height=\"623\" src=\"https:\/\/webwewant.org\/wp-content\/uploads\/2016\/03\/www_fastafrica_campaignpic_3-810x623.jpg\" class=\"attachment-vce-lay-a size-vce-lay-a\" alt=\"\" srcset=\"https:\/\/webwewant.org\/wp-content\/uploads\/2016\/03\/www_fastafrica_campaignpic_3-810x623.jpg 810w, https:\/\/webwewant.org\/wp-content\/uploads\/2016\/03\/www_fastafrica_campaignpic_3-300x231.jpg 300w, https:\/\/webwewant.org\/wp-content\/uploads\/2016\/03\/www_fastafrica_campaignpic_3-768x591.jpg 768w, https:\/\/webwewant.org\/wp-content\/uploads\/2016\/03\/www_fastafrica_campaignpic_3-1024x788.jpg 1024w, https:\/\/webwewant.org\/wp-content\/uploads\/2016\/03\/www_fastafrica_campaignpic_3-1140x877.jpg 1140w, https:\/\/webwewant.org\/wp-content\/uploads\/2016\/03\/www_fastafrica_campaignpic_3.jpg 1536w\" sizes=\"(max-width: 810px) 100vw, 810px\" \/><\/a>\r\n\t\t\t<\/div>\r\n\t\t\t\t<figcaption class='wp-caption-text gallery-caption'>\r\n\t\t\t\tSpeed\r\n\t\t\t\t<\/figcaption><\/div><div class=\"big-gallery-item item-2\" style=\"display:none;\">\r\n\t\t\t<div class='gallery-icon'>\r\n\t\t\t\t<a href='https:\/\/webwewant.org\/wp-content\/uploads\/2016\/03\/www_fastafrica_campaignpic_4.jpg'><img loading=\"lazy\" decoding=\"async\" width=\"810\" height=\"623\" src=\"https:\/\/webwewant.org\/wp-content\/uploads\/2016\/03\/www_fastafrica_campaignpic_4-810x623.jpg\" class=\"attachment-vce-lay-a size-vce-lay-a\" alt=\"Campaign pics\" srcset=\"https:\/\/webwewant.org\/wp-content\/uploads\/2016\/03\/www_fastafrica_campaignpic_4-810x623.jpg 810w, https:\/\/webwewant.org\/wp-content\/uploads\/2016\/03\/www_fastafrica_campaignpic_4-300x231.jpg 300w, https:\/\/webwewant.org\/wp-content\/uploads\/2016\/03\/www_fastafrica_campaignpic_4-768x591.jpg 768w, https:\/\/webwewant.org\/wp-content\/uploads\/2016\/03\/www_fastafrica_campaignpic_4-1024x788.jpg 1024w, https:\/\/webwewant.org\/wp-content\/uploads\/2016\/03\/www_fastafrica_campaignpic_4-1140x877.jpg 1140w, https:\/\/webwewant.org\/wp-content\/uploads\/2016\/03\/www_fastafrica_campaignpic_4.jpg 1536w\" sizes=\"(max-width: 810px) 100vw, 810px\" \/><\/a>\r\n\t\t\t<\/div>\r\n\t\t\t\t<figcaption class='wp-caption-text gallery-caption'>\r\n\t\t\t\tWomen\r\n\t\t\t\t<\/figcaption><\/div><\/div><div class=\"vce-gallery-slider\" data-columns=\"4\"><figure class='gallery-item' data-item='0'>\r\n\t\t\t<div class='gallery-icon landscape'>\r\n\t\t\t\t<a href='https:\/\/webwewant.org\/wp-content\/uploads\/2016\/03\/www_fastafrica_campaignpic_2.jpg'><img loading=\"lazy\" decoding=\"async\" width=\"375\" height=\"195\" src=\"https:\/\/webwewant.org\/wp-content\/uploads\/2016\/03\/www_fastafrica_campaignpic_2-375x195.jpg\" class=\"attachment-vce-lay-b size-vce-lay-b\" alt=\"\" \/><\/a>\r\n\t\t\t<\/div><\/figure><figure class='gallery-item' data-item='1'>\r\n\t\t\t<div class='gallery-icon landscape'>\r\n\t\t\t\t<a href='https:\/\/webwewant.org\/wp-content\/uploads\/2016\/03\/www_fastafrica_campaignpic_3.jpg'><img loading=\"lazy\" decoding=\"async\" width=\"375\" height=\"195\" src=\"https:\/\/webwewant.org\/wp-content\/uploads\/2016\/03\/www_fastafrica_campaignpic_3-375x195.jpg\" class=\"attachment-vce-lay-b size-vce-lay-b\" alt=\"\" \/><\/a>\r\n\t\t\t<\/div><\/figure><figure class='gallery-item' data-item='2'>\r\n\t\t\t<div class='gallery-icon landscape'>\r\n\t\t\t\t<a href='https:\/\/webwewant.org\/wp-content\/uploads\/2016\/03\/www_fastafrica_campaignpic_4.jpg'><img loading=\"lazy\" decoding=\"async\" width=\"375\" height=\"195\" src=\"https:\/\/webwewant.org\/wp-content\/uploads\/2016\/03\/www_fastafrica_campaignpic_4-375x195.jpg\" class=\"attachment-vce-lay-b size-vce-lay-b\" alt=\"Campaign pics\" \/><\/a>\r\n\t\t\t<\/div><\/figure><\/div><\/div>\n\n<p><em>Logo et Design: Jana All.<\/em><\/p>\n<p><strong>M\u00e8mes et GIF anim\u00e9s\u00a0<\/strong><\/p>\n<p>Nous avons un blog <a href=\"https:\/\/fastafrica.tumblr.com\/\">\u00a0sur tumblr proposant des images dr\u00f4les (mais s\u00e9rieuses aussi)<\/a>\u00a0utilisables par tous afin de les partager sur n&#8217;importe quel r\u00e9seau social \u00a0(avec le hashtag #FASTAfrica)<\/p>\n<p><a href=\"https:\/\/fastafrica.tumblr.com\/\" rel=\"attachment wp-att-1432\"><img loading=\"lazy\" decoding=\"async\" class=\"size-medium wp-image-1432 alignnone\" src=\"https:\/\/webwewant.org\/wp-content\/uploads\/2016\/03\/Still-Loading-Fast-Africa-300x172.png\" alt=\"Still Loading Fast Africa\" width=\"300\" height=\"172\" srcset=\"https:\/\/webwewant.org\/wp-content\/uploads\/2016\/03\/Still-Loading-Fast-Africa-300x172.png 300w, https:\/\/webwewant.org\/wp-content\/uploads\/2016\/03\/Still-Loading-Fast-Africa-768x439.png 768w, https:\/\/webwewant.org\/wp-content\/uploads\/2016\/03\/Still-Loading-Fast-Africa-810x463.png 810w, https:\/\/webwewant.org\/wp-content\/uploads\/2016\/03\/Still-Loading-Fast-Africa.png 925w\" sizes=\"(max-width: 300px) 100vw, 300px\" \/><\/a><\/p>\n<p><strong>Certificats de participation<\/strong><\/p>\n<p>Si vous organisez un \u00e9v\u00e9nement durant la semaine FASTAfrica, nous vous accordons l&#8217;autorisation de t\u00e9l\u00e9charger et imprimer un certificat de participation avec le logo de votre organisme, que vous pouvez partager avec les participants :<a href=\"https:\/\/webwewant.org\/wp-content\/uploads\/2016\/03\/www_fastafrica_certificate_ENG.pdf\">\u00a0Anglais<\/a> | <a href=\"https:\/\/webwewant.org\/wp-content\/uploads\/2016\/03\/www_fastafrica_certificate_FR.pdf\">Fran\u00e7ais<\/a> |<a href=\"https:\/\/webwewant.org\/wp-content\/uploads\/2016\/03\/www_fastafrica_certificate_PT.pdf\">Portugais<\/a><\/p>\n","protected":false},"excerpt":{"rendered":"<p>Cher \u00a0m\u00e9dias et blogs, nous\u00a0sommes ravis de vous proposer d&#8217;utiliser \u00a0le logo\u00a0#FASTAfrica\u00a0dans vos posts sur notre campagne. Guide d&#8217;utilisation du logo : FASTAfrica est une campagne ouverte dont l&#8217;organisation est assur\u00e9e par des dizaines de personnes. Vous \u00eates tout \u00e0 fait autoris\u00e9s \u00e0 t\u00e9l\u00e9charger et utiliser ce logo sur les documents promotionnel de votre campagne, [&hellip;]<\/p>\n","protected":false},"author":5,"featured_media":0,"parent":1577,"menu_order":0,"comment_status":"closed","ping_status":"closed","template":"","meta":{"footnotes":""},"class_list":["post-1586","page","type-page","status-publish","hentry"],"_links":{"self":[{"href":"https:\/\/webwewant.org\/fr\/wp-json\/wp\/v2\/pages\/1586"}],"collection":[{"href":"https:\/\/webwewant.org\/fr\/wp-json\/wp\/v2\/pages"}],"about":[{"href":"https:\/\/webwewant.org\/fr\/wp-json\/wp\/v2\/types\/page"}],"author":[{"embeddable":true,"href":"https:\/\/webwewant.org\/fr\/wp-json\/wp\/v2\/users\/5"}],"replies":[{"embeddable":true,"href":"https:\/\/webwewant.org\/fr\/wp-json\/wp\/v2\/comments?post=1586"}],"version-history":[{"count":0,"href":"https:\/\/webwewant.org\/fr\/wp-json\/wp\/v2\/pages\/1586\/revisions"}],"up":[{"embeddable":true,"href":"https:\/\/webwewant.org\/fr\/wp-json\/wp\/v2\/pages\/1577"}],"wp:attachment":[{"href":"https:\/\/webwewant.org\/fr\/wp-json\/wp\/v2\/media?parent=1586"}],"curies":[{"name":"wp","href":"https:\/\/api.w.org\/{rel}","templated":true}]}}