{"id":1579,"date":"2016-04-18T12:13:33","date_gmt":"2016-04-18T12:13:33","guid":{"rendered":"https:\/\/webwewant.org\/fr\/organisez-votre-propre-evenement\/"},"modified":"2016-08-09T09:45:12","modified_gmt":"2016-08-09T09:45:12","slug":"organisez-votre-propre-evenement","status":"publish","type":"page","link":"https:\/\/webwewant.org\/fr\/boite-a-outils-pour-communiquer-sur-fastafrica\/organisez-votre-propre-evenement\/","title":{"rendered":"Organisez votre propre \u00e9v\u00e9nement!"},"content":{"rendered":"<p><a name=\"backtotop\"><\/a><strong>\u00a0Participez \u00e0 la semaine d&#8217;action #FASTAfrica du 1er au \u00a07 mai 2016 !<\/strong><\/p>\n<p>Aimeriez-vous participer \u00e0 la campagne en organisant un \u00e9v\u00e9nement ? Il n&#8217;est pas n\u00e9cessaire d&#8217;avoir une autorisation ou une accr\u00e9ditation sp\u00e9ciale pour organiser un \u00e9v\u00e9nement #FASTAfrica. Tout le monde peut soutenir cette campagne en attirant l&#8217;attention sur le besoin d&#8217;un internet rapide, abordable, s\u00fbr et transparent, \u00e0 sa mani\u00e8re.<\/p>\n<ul>\n<li>Visitez la <a href=\"https:\/\/webwewant.org\/fast-africa\/\">page de la campagne<\/a>\u00a0pour lire les mises \u00e0 jour et d\u00e9couvrir les nouveaux outils de notre boite \u00e0 outils<\/li>\n<li><a href=\"https:\/\/webwewant.org\/fast-africa\/\">Enregistrer votre \u00e9v\u00e9nement<\/a>\u00a0et nous vous aiderons \u00e0 communiquer autour<\/li>\n<li>Consultez notre\u00a0<a href=\"https:\/\/webwewant.org\/fast-africa\/fastafrica-events-map\/\">carte des \u00e9v\u00e9nements<\/a>\u00a0\u00a0pour voir ce qui est pr\u00e9vu pr\u00e8s de chez vous.<\/li>\n<\/ul>\n<p><strong>Id\u00e9es d&#8217;activit\u00e9s\u00a0<\/strong><\/p>\n<p>Tout le monde peut organiser une activit\u00e9 pour #FASTAfrica, qu&#8217;il s&#8217;agisse d&#8217;un \u00e9v\u00e9nement modeste ou important, calme ou tr\u00e8s anim\u00e9. Les \u00e9v\u00e9nements durant cette semaine d&#8217;action sont n\u00e9cessaires pour augmenter la visibilit\u00e9 des efforts sur le long terme, n\u00e9cessaires afin d&#8217;entrainer un changement au niveau local et r\u00e9gional.<\/p>\n<p>Merci de noter que chacun doit partager les photos des activit\u00e9s durant leur d\u00e9roulement via \u00a0Facebook et Twitter avec le hashtag #FASTAfrica.<br \/>\n<a name=\"largeevents\"><\/a><\/p>\n<ul>\n<li><a href=\"#largeevents\">Id\u00e9es pour groupes importants, organisations et r\u00e9seaux<\/a><\/li>\n<li><a href=\"#smallevents\">Id\u00e9es pour les individus ou les petits groupes<\/a><\/li>\n<li><a href=\"#planevents\">Pr\u00e9parez votre propre \u00e9v\u00e9nement (10 \u00e9tapes)<\/a><\/li>\n<li><a href=\"#granteeguide\">Guide pour les boursiers<\/a><\/li>\n<\/ul>\n<hr \/>\n<p><strong>Id\u00e9es pour les groupes importants, les organisations et les r\u00e9seaux\u00a0<\/strong><\/p>\n<p><b>Test de vitesse de connexion \u00e0 Internet<\/b><br \/>\nLancer un banc-test comparatif des vitesses de connexion \u00e0 Internet dans tout le pays et analysez comment elles varient d&#8217;un lieu \u00e0 l&#8217;autre, d&#8217;un fournisseur d&#8217;acc\u00e8s \u00e0 l&#8217;autre, d&#8217;un abonnement \u00e0 l&#8217;autre. Disposez-vous vraiment de la vitesse que votre op\u00e9rateur promet dans ses publicit\u00e9s ? Demandez aux gens de tester la vitesse de leur connexion avec le site \u00a0<a href=\"http:\/\/www.speedtest.net\/\">Speedtest.net<\/a> (cr\u00e9ez une\u00a0<a href=\"http:\/\/www.speedtest.net\/speedwave-control.php\">Speed Wave<\/a>\u00a0pour faire des comparaisons) et listez les r\u00e9sultats pour pouvoir les indiquer sur une carte avant de commenter les r\u00e9sultats.<\/p>\n<p><b>Participez \u00e0 une \u00e9mission de radio \u00a0<\/b><br \/>\nContactez votre radio locale ou associative et demandez leur d&#8217;organiser une \u00e9mission autour du probl\u00e8me de la chert\u00e9 des abonnements \u00e0 Internet, et des solutions possibles. Organisez-vous pour faire inviter et participer en direct \u00e0 l&#8217;\u00e9mission (ou \u00e0 l&#8217;\u00e9mission pr\u00e9-enregistr\u00e9e) une personne qui a le pouvoir d&#8217;am\u00e9liorer l&#8217;acc\u00e8s \u00e0 Internet dans votre pays. Encouragez les auditeurs \u00e0 appeler la radio et \u00e0 s&#8217;exprimer sur les r\u00e9seaux sociaux. Pour maintenir l&#8217;audience en haleine, offrez une r\u00e9compense \u00e0 la 25\u00e8me personne qui appelle par t\u00e9l\u00e9phone ou au cinquanti\u00e8me message sur les r\u00e9seaux sociaux.<\/p>\n<p><b>Un salon FASTAfrica\u00a0<\/b><br \/>\nA la place d&#8217;un atelier ou d&#8217;une conf\u00e9rence classiques, envisagez la possibilit\u00e9 d&#8217;organiser un \u00a0\u201csalon\u201d informel pour un groupe de personnes qui souhaitent s&#8217;informer sur l&#8217;importance d&#8217;un internet FAST, et sur les politiques qui se r\u00e9v\u00e8lent efficaces. Alternez des performances artistiques (musique, vid\u00e9o ou po\u00e9sies) \u00e0 de br\u00e8ves pr\u00e9sentations donn\u00e9es sur le ton de la conversation. Impliquez les commut\u00e9s d&#8217;artistes du lieu o\u00f9 vous vivez, peut-\u00eatre via un centre culturel qui pourra co-organiser l&#8217;\u00e9v\u00e9nement.<\/p>\n<p><b>Nuit Pecha Kucha (20 secondes x 20 diapos)<\/b><br \/>\nLes pr\u00e9sentations Powerpoint ne sont jamais ennuyeuses durant les \u00e9v\u00e9nements en style\u00a0<a href=\"http:\/\/www.pechakucha.org\/faq\">Pecha Kucha<\/a>\u00a0o\u00f9 les intervenants pr\u00e9sentent leurs r\u00e9flexions en seulement 20 diapos, qui s&#8217;affichent chacune pendant 20 secondes. Les th\u00e8mes peuvent \u00eatre : qu&#8217;est-ce qui rend internet si merveilleux ? Qu&#8217;est-ce qui le rend une n\u00e9cessit\u00e9, et non un luxe ? Comment une soci\u00e9t\u00e9 b\u00e9n\u00e9ficie-t-elle d&#8217;internet ? Les participants peuvent \u00e9crire leur nom sur un collage g\u00e9ant de photos, dont la photo ou capture sera envoy\u00e9e aux d\u00e9cideurs.<\/p>\n<p><b>La parole aux experts<\/b><br \/>\nInvitez un expert par jour dans un lieu public ou dans une salle de cours (ou sur un forum en ligne fr\u00e9quent\u00e9) et laissez les participants poser toutes les questions qu&#8217;ils souhaitent sur l&#8217;acc\u00e8s \u00e0 internet. Comment marche internet ? Pourquoi l&#8217;acc\u00e8s \u00e0 internet est-il si cher en Afrique, compar\u00e9 au reste du monde ? Qu&#8217;est-ce qui fait que la vitesse de connexion est rapide ? Comment contourner les coupures d&#8217;internet ? Comment crypte-t-on les communications en ligne ? Veillez \u00e0 ce que les questions comme les r\u00e9ponses soient compr\u00e9hensibles par tous et disponibles pour tous.<\/p>\n<p><b>Table ronde sur la politique d&#8217;internet\u00a0<\/b><br \/>\nRassemblez des personnes cl\u00e9s de la soci\u00e9t\u00e9 civile, du secteur public et des cercles d&#8217;affaires pour d\u00e9battre de nouvelles politiques et actions pour am\u00e9liorer l&#8217;acc\u00e8s \u00e0 internet dans votre pays. Partagez les donn\u00e9es sur la situation actuelle de l&#8217;acc\u00e8s \u00e0 internet et des r\u00e9gulations, discutez des strat\u00e9gies qui peuvent \u00eatre mises en oeuvre de front pour acc\u00e9l\u00e9rer le changement. Documentez soigneusement cette rencontre et relancez les participants \u00e0 propos des mesures propos\u00e9es.<\/p>\n<p><strong>Projection lumineuse en public\u00a0<\/strong><br \/>\nDurant la semaine d&#8217;action, projetez un message percutant sur un immeuble apr\u00e8s la tomb\u00e9e de la nuit. Dites pourquoi votre pays \u00e0 besoin d&#8217;un meilleur acc\u00e8s \u00e0 internet et ce qui peut \u00eatre fait pour le rendre abordable et accessible \u00e0 tous. Pr\u00e9venez la presse et partagez les photos de votre installation lumineuse avec tout le monde. Des exemples de campagnes ant\u00e9rieures avec les projections lumineuses des activistes sont disponibles sur\u00a0<a href=\"http:\/\/luminousintervention.org\/\">Luminous Intervention<\/a> | <a href=\"http:\/\/beautifultrouble.org\/tactic\/guerrilla-projection\/\">Beautiful trouble<\/a> | <a href=\"https:\/\/blog.witness.org\/2015\/03\/video-projections-illuminator-art-collective\/\">WITNESS<\/a> | <a href=\"http:\/\/www.takepart.com\/article\/2015\/08\/04\/projection-protests\">Take Part<\/a><br \/>\n<a name=\"smallevents\"><\/a><br \/>\n<a href=\"#backtotop\">Retour en haut<\/a><\/p>\n<hr \/>\n<p><b>Id\u00e9es pour les individus et les petits groupes<\/b><\/p>\n<p><b>Ouvrez un mur #FASTAfrica<\/b><br \/>\nPeignez un mur dans un lieu public d&#8217;une couleur sombre (assurez-vous d&#8217;obtenir l&#8217;autorisation de le faire au pr\u00e9alable). Puis lancez une conversation sur le th\u00e8me \u00a0\u201cPourquoi ai-je besoin d&#8217;un internet FAST ?\u201d. Invitez les passants \u00e0 \u00e9crire leurs commentaires sur le mur, demandez-leur leur nom, leur \u00e2ge, leur profession. Par exemple: \u2018Avec un internet FAST, je peux parler avec mes petits-enfants \u00e0 l&#8217;\u00e9tranger.\u2019 Sign\u00e9 : Lulu, 57 ans, enseignante. \u00a0Photographiez votre beau mur et partagez les photos sur les r\u00e9seaux sociaux en utilisant le hashtag #FASTAfrica.<\/p>\n<p><b>Devenez le paparazzi de #FASTAfrica\u00a0<\/b><br \/>\nCr\u00e9ez un reportage photo qui montre de quel fa\u00e7on les gens acc\u00e8dent \u00e0 internet dans votre pays. D\u00e9crivez la situation et pr\u00e9cisez le lieu. L&#8217;acc\u00e8s est-il FAST ? Est-il gratuit ? Est-il cher ? Qui peut y avoir acc\u00e8s, et qui ne peut pas ? Envoyez nous vos photos ou taguez-nous en utilisant le hashtag #FASTAfrica. Assurez-vous de le partager sous une licence \u00a0Creative Commons pour que d&#8217;autres puissent aussi les utiliser pour illustrer la diversit\u00e9 des situations d&#8217;acc\u00e8s \u00e0 internet. N&#8217;oubliez pas \u00a0de demander aux personnes leur autorisation avant de les photographier. (<a href=\"https:\/\/twitter.com\/dillonmann\/status\/720201697994399744\">voir un exemple en Afrique du Sud<\/a>)<\/p>\n<p><b>Une chanson, un\u00a0m\u00eame sur la LENTEUR d&#8217;internet\u00a0<\/b><br \/>\nVotre internet est-il lent ou cher au point de vous faire pleurer ? Partagez vos sentiments sur la lutte pour se connecter de fa\u00e7on cr\u00e9ative, humoristique ou lyrique. Impossible de trouver un un point d&#8217;acc\u00e8s public \u00e0 internet. Vous ne pouvez pas postuler \u00e0 ce job. Vous n&#8217;avez plus d&#8217;argent pour payer les d\u00e9passements de forfait. Vous aviez un rendez-vous sur Skype et internet ne marche pas. Nous connaissons tous ce sentiment. Alors, parlons-en! Partagez en utilisant le hashtag \u00a0#FASTAfrica et nous retweeterons les meilleures histoires aux quatre vents !<\/p>\n<p><b>Rejoignez notre \u00e9quipe R\u00e9seaux sociaux<\/b><br \/>\nDurant la semaine d&#8217;action #FASTAfrica \u00a0( 1-7 mai), nous serons tr\u00e8s actif sur les r\u00e9seaux sociaux, et nous aimerions que vous nous rejoigniez! Aidez en dirigeant ou participant aux conversations th\u00e9matiques quotidiennes, en impliquant les gens de votre pays autant que possible. Aidez \u00e0 partager les connaissances et les documents de la campagne \u00a0#FASTAfrica. Vous pouvez rejoindre la conversation au dernier moment ou\u00a0<a href=\"mailto:renata.avila@webfoundation.org\">\u00a0nous envoyer un message<\/a>\u00a0pour nous faire savoir que vous serez en ligne.<\/p>\n<p><b>Organisez une f\u00eate \u00a0#FASTAfrica chez vous<\/b><br \/>\nInvitez des amis, la famille ou des coll\u00e8gues et informez-les des b\u00e9n\u00e9fices d&#8217;un internet rapide, abordable, s\u00fbr et transparent pour la soci\u00e9t\u00e9. Discutez de ce que veut dire un internet s\u00fbr, montrez \u00e0 votre grand-m\u00e8re et \u00e0 vos fr\u00e8res et soeurs comment utiliser Google et Skype, ou apprenez \u00e0 vos amis \u00e0 coder des choses simples, ou montrez leur ce qu&#8217;est le web design. Les choses peuvent \u00eatre aussi simples ou complexes que vous le souhaitez &#8211; aidez nous \u00e0 cr\u00e9er le Web We Want, le Web que nous voulons !<\/p>\n<p><a name=\"planevents\"><\/a><br \/>\n<a href=\"#backtotop\">Retour en haut<\/a><\/p>\n<hr \/>\n<p><b><\/b><strong>Pr\u00e9parez votre propre \u00e9v\u00e9nements (en 10 \u00e9tapes)<\/strong><\/p>\n<p><b>La checklist<\/b><br \/>\n<i class=\"fa fa-square-o\" style=\"color: #000000\"><\/i> Votre \u00e9v\u00e9nement ou activit\u00e9 a-t-il ou elle un objectif clair ?<br \/>\n<i class=\"fa fa-square-o\" style=\"color: #000000\"><\/i> Avez-vous d\u00e9termin\u00e9 une cible pr\u00e9cise pour votre message de campagne ?<br \/>\n<i class=\"fa fa-square-o\" style=\"color: #000000\"><\/i> Qui participera, et comment les informerez-vous ?<br \/>\n<i class=\"fa fa-square-o\" style=\"color: #000000\"><\/i> Avez-vous des questions pour vos coll\u00e8gues dans d&#8217;autres pays ?<br \/>\n<i class=\"fa fa-square-o\" style=\"color: #000000\"><\/i> Avez-vous une strat\u00e9gie \u00e0 long terme pour votre plaidoyer pour un changement ?<\/p>\n<p><b>Etape 1: objectifs<\/b><br \/>\nD\u00e9finissez votre objectif et comment il pourrait permettre d&#8217;avoir un acc\u00e8s \u00e0 internet plus abordable dans votre pays. D\u00e9finissez les cibles de votre message et combien de personnes approximativement vous pouvez toucher.<\/p>\n<p><b>Etape 2: \u00e9v\u00e9nement<\/b><br \/>\nEtablissez un d\u00e9roul\u00e9 pr\u00e9alable de l&#8217;\u00e9v\u00e9nement du d\u00e9but \u00e0 la fin, et r\u00e9fl\u00e9chissez pour savoir s&#8217;il sera attirant, amusant et s&#8217;il servira vos objectifs.<\/p>\n<p><b>Etape 3: budget<\/b><br \/>\nPouvez-vous disposer d&#8217; un lieu gratuit ? Aurez-vous besoin de rafraichissements, de brochures \u00e0 distribuer, de wifi gratuit, ou de toute autre chose qui repr\u00e9sente un co\u00fbt ? D\u00e9finissez votre budget, recherchez des fonds. (Nous avons d\u00e9j\u00e0 distribu\u00e9 toutes les bourses dont nous disposions pour l&#8217;instant !)<\/p>\n<p><b>Etape\u00a03: invitations<\/b><br \/>\nR\u00e9fl\u00e9chissez aux participants cl\u00e9s et aux partenaires \u00e0 inviter. Quels sont leurs int\u00e9r\u00eats ? De quelle fa\u00e7on pouvez-vous les approcher ? Mieux vaut les contacter individuellement au moins une semaine \u00e0 l&#8217;avance.<\/p>\n<p><b>Etape 4: communiquer<\/b><br \/>\nEst-ce que tout le monde comprend l&#8217;objectif de votre \u00e9v\u00e9nement et sait qu&#8217;il fait partie de la campagne africaine r\u00e9gionale #FASTAfrica ? T\u00e9l\u00e9chargez \u00a0<a href=\"https:\/\/webwewant.org\/fr\/boite-a-outils-pour-communiquer-sur-fastafrica\/logo-et-illustrations\/\">\u00a0les logos et documents de la campagne<\/a>.<\/p>\n<p><b>Etape\u00a05: le grand jour<\/b><br \/>\nBonne chance ! Restez attentif aux remarques et retours, et ouvert \u00e0 la possibilit\u00e9 de modifier la strat\u00e9gie de votre \u00e9v\u00e9nement \u00e0 la derni\u00e8re minute si quelque chose ne fonctionne pas bien.<\/p>\n<p><b>Etape\u00a07: partager<\/b><br \/>\nDocumentez votre activit\u00e9 pour une visibilit\u00e9 et un impact maximal. Nous avons besoin que tous les participants partagent des photos des activit\u00e9s pendant leur d\u00e9roulement sur <a href=\"https:\/\/www.facebook.com\/search\/top\/?q=fastafrica\">Facebook<\/a>\u00a0et\u00a0<a href=\"https:\/\/twitter.com\/hashtag\/FASTAfrica?src=hash\">Twitter<\/a>\u00a0avec le hashtag #FASTAfrica. R\u00e9digez un compte-rendu de l&#8217;\u00e9v\u00e9nement imm\u00e9diatement apr\u00e8s pour le publier sur votre propre site, sur les r\u00e9seaux sociaux \u00a0ou sur \u00a0<a href=\"https:\/\/webwewant.org\">Web We Want<\/a>. \u00a0Envoyez-nous le lien ou texte par\u00a0<a href=\"http:\/\/renata.avila@webfoundation.org\">email<\/a> ou sur\u00a0<a href=\"http:\/\/twitter.com\/webwewant\">@webwewant<\/a>.<\/p>\n<p><b>Etape\u00a08: remercier<\/b><br \/>\nT\u00e9l\u00e9chargez et imprimer le Certificat de participation \u00e0 #FASTAfrica en<a href=\"https:\/\/webwewant.org\/wp-content\/uploads\/2016\/03\/www_fastafrica_certificate_ENG.pdf\">\u00a0anglais<\/a>,\u00a0<a href=\"https:\/\/webwewant.org\/wp-content\/uploads\/2016\/03\/www_fastafrica_certificate_FR.pdf\">Fran\u00e7ais<\/a> ou\u00a0<a href=\"https:\/\/webwewant.org\/wp-content\/uploads\/2016\/03\/www_fastafrica_certificate_PT.pdf\">Portugais<\/a>\u00a0pour gratifier les participants et les remercier de leur participation aux activit\u00e9s et rencontres.<\/p>\n<p><b>Etape 9: devenir amis<\/b><br \/>\nEncouragez les participants \u00e0 rester en contact avec vous et \u00e9galement \u00e0 s&#8217;impliquer dans les activit\u00e9s r\u00e9gionales ou internationales via #FASTAfrica et Web We Want, s&#8217;ils sont int\u00e9ress\u00e9s.<\/p>\n<p><b>Etape\u00a010: \u00e9valuer<\/b><br \/>\nSoyez honn\u00eate : qu&#8217;avez-vous vraiment r\u00e9ussi ? Y a-t-il des choses que vous avez apprises ou accomplies qui vous ont surpris ? Que feriez-vous autrement la prochaine fois ? Dites le nous !<br \/>\n<a name=\"granteeguide\"><\/a><\/p>\n<p><a href=\"#backtotop\">Retour en haut<\/a><\/p>\n<hr \/>\n<p><strong>Guide pour les boursiers<\/strong><br \/>\nSi vous avez re\u00e7u une bourse pour une activit\u00e9 durant #FASTAfrica, vous devez le sp\u00e9cifier de fa\u00e7on visible sur vos documents de campagne. \u00a0\u201cCet \u00e9v\u00e9nement a \u00e9t\u00e9 rendu possible par une bourse de la Web Foundation\u201d. Nous encourageons le partage de tous les documents, photos et cr\u00e9ations sous une licence \u00a0Creative Commons.<\/p>\n<p><a href=\"#backtotop\">Retour en haut<\/a><\/p>\n<hr \/>\n<p><b>Autres boites \u00e0 outils pour les campagnes<br \/>\n<\/b><a href=\"https:\/\/teach.mozilla.org\/events\/resources\"><i><br \/>\n<\/i><\/a><i>La <a href=\"https:\/\/www.ifex.org\/campaign_toolkit\/\">boite \u00e0 outils de la campagne IFEX<\/a>\u00a0contient des conseils tr\u00e8s utiles pour planifier des campagnes pour la libert\u00e9 d&#8217;expression<\/i><\/p>\n<p><i>Pour trouver d&#8217;autres id\u00e9es sur comment organiser des \u00e9v\u00e9nements, petits, moyens ou grands, consultez les ressources propos\u00e9es par Mozilla sur <a href=\"https:\/\/teach.mozilla.org\/events\/resources\">Comment organiser des \u201cmaker parties\u201d<\/a>.<\/i><\/p>\n<p><a href=\"#backtotop\">Retour en hau<\/a>t<\/p>\n","protected":false},"excerpt":{"rendered":"<p>\u00a0Participez \u00e0 la semaine d&#8217;action #FASTAfrica du 1er au \u00a07 mai 2016 ! Aimeriez-vous participer \u00e0 la campagne en organisant un \u00e9v\u00e9nement ? Il n&#8217;est pas n\u00e9cessaire d&#8217;avoir une autorisation ou une accr\u00e9ditation sp\u00e9ciale pour organiser un \u00e9v\u00e9nement #FASTAfrica. Tout le monde peut soutenir cette campagne en attirant l&#8217;attention sur le besoin d&#8217;un internet rapide, [&hellip;]<\/p>\n","protected":false},"author":5,"featured_media":0,"parent":1577,"menu_order":0,"comment_status":"closed","ping_status":"closed","template":"","meta":{"footnotes":""},"class_list":["post-1579","page","type-page","status-publish","hentry"],"_links":{"self":[{"href":"https:\/\/webwewant.org\/fr\/wp-json\/wp\/v2\/pages\/1579"}],"collection":[{"href":"https:\/\/webwewant.org\/fr\/wp-json\/wp\/v2\/pages"}],"about":[{"href":"https:\/\/webwewant.org\/fr\/wp-json\/wp\/v2\/types\/page"}],"author":[{"embeddable":true,"href":"https:\/\/webwewant.org\/fr\/wp-json\/wp\/v2\/users\/5"}],"replies":[{"embeddable":true,"href":"https:\/\/webwewant.org\/fr\/wp-json\/wp\/v2\/comments?post=1579"}],"version-history":[{"count":0,"href":"https:\/\/webwewant.org\/fr\/wp-json\/wp\/v2\/pages\/1579\/revisions"}],"up":[{"embeddable":true,"href":"https:\/\/webwewant.org\/fr\/wp-json\/wp\/v2\/pages\/1577"}],"wp:attachment":[{"href":"https:\/\/webwewant.org\/fr\/wp-json\/wp\/v2\/media?parent=1579"}],"curies":[{"name":"wp","href":"https:\/\/api.w.org\/{rel}","templated":true}]}}