{"id":1308,"date":"2015-08-04T20:26:36","date_gmt":"2015-08-04T20:26:36","guid":{"rendered":"https:\/\/webwewant.org\/fr\/?page_id=1308"},"modified":"2016-04-08T12:50:27","modified_gmt":"2016-04-08T12:50:27","slug":"membres","status":"publish","type":"page","link":"https:\/\/webwewant.org\/fr\/membres\/","title":{"rendered":"Membres"},"content":{"rendered":"<p>Plus de cent organisations tr\u00e8s diff\u00e9rentes sont membres de Web We Want dans presque 60 pays: militants de la libert\u00e9 d&#8217;expression, associations de d\u00e9fense des consommateurs, espaces de hackeurs, clubs d&#8217;informatique. Ensemble, nous \u00e9tablissons des ponts entre les communaut\u00e9 qui se consacrent \u00e0 la technologie et les organisations qui d\u00e9fendent les droits civiques et humains, afin de faire avancer le Web en tant que bien public commun et droit fondamental.<\/p>\n<p>Par Web We Want, nos membres b\u00e9n\u00e9ficient d&#8217;acc\u00e8s \u00e0 des ressources, du partage d&#8217;id\u00e9es et d&#8217;opportunit\u00e9s, d&#8217;un apprentissage mutuel favorisant le succ\u00e8s. Nous les encourageons \u00e0 postuler \u00e0 nos mini-bourses. A partir de ce socle, nos membres s&#8217;engagent dans des campagnes et activit\u00e9s au plan national, r\u00e9gional et international. Ils travaillent ensemble<\/p>\n<p>Pour nous rejoindre, n&#8217;h\u00e9sitez pas \u00e0 <a href=\"https:\/\/webwewant.org\/fr\/contact\/\">nous contacter<\/a>.<\/p>\n<p><strong>Nos Membres<br \/>\n<\/strong><\/p>\n","protected":false},"excerpt":{"rendered":"<p>Plus de cent organisations tr\u00e8s diff\u00e9rentes sont membres de Web We Want dans presque 60 pays: militants de la libert\u00e9 d&#8217;expression, associations de d\u00e9fense des consommateurs, espaces de hackeurs, clubs d&#8217;informatique. Ensemble, nous \u00e9tablissons des ponts entre les communaut\u00e9 qui se consacrent \u00e0 la technologie et les organisations qui d\u00e9fendent les droits civiques et humains, [&hellip;]<\/p>\n","protected":false},"author":5,"featured_media":0,"parent":0,"menu_order":0,"comment_status":"closed","ping_status":"closed","template":"template-members.php","meta":{"footnotes":""},"class_list":["post-1308","page","type-page","status-publish","hentry"],"_links":{"self":[{"href":"https:\/\/webwewant.org\/fr\/wp-json\/wp\/v2\/pages\/1308"}],"collection":[{"href":"https:\/\/webwewant.org\/fr\/wp-json\/wp\/v2\/pages"}],"about":[{"href":"https:\/\/webwewant.org\/fr\/wp-json\/wp\/v2\/types\/page"}],"author":[{"embeddable":true,"href":"https:\/\/webwewant.org\/fr\/wp-json\/wp\/v2\/users\/5"}],"replies":[{"embeddable":true,"href":"https:\/\/webwewant.org\/fr\/wp-json\/wp\/v2\/comments?post=1308"}],"version-history":[{"count":0,"href":"https:\/\/webwewant.org\/fr\/wp-json\/wp\/v2\/pages\/1308\/revisions"}],"wp:attachment":[{"href":"https:\/\/webwewant.org\/fr\/wp-json\/wp\/v2\/media?parent=1308"}],"curies":[{"name":"wp","href":"https:\/\/api.w.org\/{rel}","templated":true}]}}