{"id":1288,"date":"2015-08-04T20:30:22","date_gmt":"2015-08-04T20:30:22","guid":{"rendered":"https:\/\/webwewant.org\/fr\/?page_id=1288"},"modified":"2016-01-15T12:59:25","modified_gmt":"2016-01-15T12:59:25","slug":"politique-de-confidentialite","status":"publish","type":"page","link":"https:\/\/webwewant.org\/fr\/politique-de-confidentialite\/","title":{"rendered":"Politique de confidentialit\u00e9"},"content":{"rendered":"<p>Web We Want croit profond\u00e9ment au droit \u00e0 contr\u00f4ler l&#8217;utilisation qui est faite de vos informations personnelles en ligne et \u00e0 la n\u00e9cessit\u00e9 d&#8217;en prot\u00e9ger la confidentialit\u00e9. Nous restreignons \u00e9troitement l&#8217;utilisation de vos informations personnelles et travaillons uniquement avec des organismes qui respectent les m\u00eames principes.<\/p>\n<p>Les informations personnelles que vous confiez \u00e0 Web We Want seront uniquement utilis\u00e9es dans les buts que vous sp\u00e9cifiez. Web We Want ne vend pas, ne loue pas, ne c\u00e8de pas les donn\u00e9es personnelles. Nous n&#8217;achetons pas et n&#8217;obtenons pas des donn\u00e9es d&#8217;autres sources. Tout mandat judiciaire ou toute tentative d&#8217;agences gouvernementales ou d&#8217;enteprises priv\u00e9es d&#8217;obtenir l&#8217;acc\u00e8s \u00e0 n&#8217;importe quelle information que vous nous avez confi\u00e9e seront vigoureusement contest\u00e9s.<\/p>\n<p>Nous utilisons diff\u00e9rents fournisseurs de messageries mail aux Etats-Unis. De ce fait, nos mails peuvent \u00eatre accessibles \u00e0 des autorit\u00e9s judiciaires dans ces juridictions. Nous faisons tout notre possible pour retirer les courriels de leurs serveurs aussi souvent et aussi rapidement que possible, pour que d&#8217;\u00e9ventuelles actions juridiques soient dirig\u00e9es contre nous.<\/p>\n<p>Nous g\u00e9rons un nombre limit\u00e9 de listes de diffusion. L&#8217;identit\u00e9 des membres est gard\u00e9e secr\u00e8te, exception faite des services de notre fournisseur de messagerie \u00e9lectronique \u00e0 des fins de gestion de la lettre d&#8217;information.<\/p>\n<p><strong>Questions<br \/>\n<\/strong><br \/>\nSi vous avez des questions sur notre politique de protection de la vie priv\u00e9e ou souhaitez des clarifications, merci de <a href=\"http:\/\/webwewant.org\/contact\/\">nous contacter<\/a>.<\/p>\n","protected":false},"excerpt":{"rendered":"<p>Web We Want croit profond\u00e9ment au droit \u00e0 contr\u00f4ler l&#8217;utilisation qui est faite de vos informations personnelles en ligne et \u00e0 la n\u00e9cessit\u00e9 d&#8217;en prot\u00e9ger la confidentialit\u00e9. Nous restreignons \u00e9troitement l&#8217;utilisation de vos informations personnelles et travaillons uniquement avec des organismes qui respectent les m\u00eames principes. Les informations personnelles que vous confiez \u00e0 Web We [&hellip;]<\/p>\n","protected":false},"author":5,"featured_media":0,"parent":0,"menu_order":0,"comment_status":"closed","ping_status":"closed","template":"","meta":{"footnotes":""},"class_list":["post-1288","page","type-page","status-publish","hentry"],"_links":{"self":[{"href":"https:\/\/webwewant.org\/fr\/wp-json\/wp\/v2\/pages\/1288"}],"collection":[{"href":"https:\/\/webwewant.org\/fr\/wp-json\/wp\/v2\/pages"}],"about":[{"href":"https:\/\/webwewant.org\/fr\/wp-json\/wp\/v2\/types\/page"}],"author":[{"embeddable":true,"href":"https:\/\/webwewant.org\/fr\/wp-json\/wp\/v2\/users\/5"}],"replies":[{"embeddable":true,"href":"https:\/\/webwewant.org\/fr\/wp-json\/wp\/v2\/comments?post=1288"}],"version-history":[{"count":0,"href":"https:\/\/webwewant.org\/fr\/wp-json\/wp\/v2\/pages\/1288\/revisions"}],"wp:attachment":[{"href":"https:\/\/webwewant.org\/fr\/wp-json\/wp\/v2\/media?parent=1288"}],"curies":[{"name":"wp","href":"https:\/\/api.w.org\/{rel}","templated":true}]}}