{"id":1773,"date":"2017-01-25T14:30:32","date_gmt":"2017-01-25T14:30:32","guid":{"rendered":"https:\/\/webwewant.org\/?page_id=1773"},"modified":"2017-02-01T00:59:09","modified_gmt":"2017-02-01T00:59:09","slug":"guatemala","status":"publish","type":"page","link":"https:\/\/webwewant.org\/es\/guatemala\/","title":{"rendered":"#InternetGT para Guatemala"},"content":{"rendered":"<h1>\u00a1Participa en la discusi\u00f3n de la Carta de Internet en Guatemala!<\/h1>\n<p>El presente proceso iniciado por Web Foundation y apoyado por distintas organizaciones de la Sociedad Civil de Guatemala busca crear una Carta de principios para definir el futuro de Internet en Guatemala. Puedes participar registr\u00e1ndote por Twitter y <a href=\"http:\/\/guatemala.webwewant.org\/\">comentando en la plataforma cada uno de los art\u00edculos<\/a>, hacerlo ac\u00e1 en esta p\u00e1gina o simplemente enviarnos tus comentarios a cada art\u00edculo por las redes sociales utilizando <a href=\"https:\/\/twitter.com\/hashtag\/InternetGT?src=hash\">#InternetGT<\/a>.<\/p>\n<p>El borrador inicial fue redactado por la prestigiosa abogada <a href=\"https:\/\/en.wikipedia.org\/wiki\/Barbora_Bukovsk%C3%A1\">Barbora Bukovsk\u00e1<\/a>, de la organizaci\u00f3n internacional por la libertad de expresi\u00f3n <a href=\"https:\/\/www.article19.org\/\">Art\u00edculo 19<\/a>. Posteriormente fue revisado y comentado por el Inventor de la Web y Fundador de la Web Foundation, <a href=\"http:\/\/webfoundation.org\/about\/sir-tim-berners-lee\/\">Sir Tim Berners &#8211; Lee<\/a> y por otros expertos locales e internacionales de la sociedad civil y academia.<\/p>\n<p>&nbsp;<\/p>\n<p style=\"text-align: center;\"><a class=\"mks_button mks_button_large squared\" href=\"https:\/\/guatemala.webwewant.org\/\" target=\"_blank\" style=\"color: #FFFFFF; background-color: #00a9ce\" >Participa Ya!<\/a>\n<p>&nbsp;<\/p>\n<div id=\"attachment_1786\" style=\"width: 565px\" class=\"wp-caption aligncenter\"><a href=\"https:\/\/webwewant.org\/wp-content\/uploads\/2017\/01\/articulo14_Neutralidaddeweb.gif\"><img loading=\"lazy\" decoding=\"async\" aria-describedby=\"caption-attachment-1786\" class=\" wp-image-1786\" src=\"https:\/\/webwewant.org\/wp-content\/uploads\/2017\/01\/articulo14_Neutralidaddeweb-1024x1024.gif\" alt=\"\" width=\"555\" height=\"555\" srcset=\"https:\/\/webwewant.org\/wp-content\/uploads\/2017\/01\/articulo14_Neutralidaddeweb-1024x1024.gif 1024w, https:\/\/webwewant.org\/wp-content\/uploads\/2017\/01\/articulo14_Neutralidaddeweb-150x150.gif 150w, https:\/\/webwewant.org\/wp-content\/uploads\/2017\/01\/articulo14_Neutralidaddeweb-300x300.gif 300w, https:\/\/webwewant.org\/wp-content\/uploads\/2017\/01\/articulo14_Neutralidaddeweb-768x768.gif 768w, https:\/\/webwewant.org\/wp-content\/uploads\/2017\/01\/articulo14_Neutralidaddeweb-810x810.gif 810w, https:\/\/webwewant.org\/wp-content\/uploads\/2017\/01\/articulo14_Neutralidaddeweb-1140x1140.gif 1140w\" sizes=\"(max-width: 555px) 100vw, 555px\" \/><\/a><p id=\"caption-attachment-1786\" class=\"wp-caption-text\">Dise\u00f1o por Limonada Bandida, CC BY.<\/p><\/div>\n<p>Puedes tambi\u00e9n leer o descargar el texto que proponemos <a href=\"https:\/\/docs.google.com\/document\/d\/1Ba7wUTeI_S6c1oFvf9T1_qIfpZYqNSsbw86qlvBE6p8\/edit?usp=sharing\">ac\u00e1 <\/a>y enviarnos tus comentarios a grants@webfoundation.org<\/p>\n<p>&nbsp;<\/p>\n<p><a class=\"twitter-hashtag-button\" href=\"https:\/\/twitter.com\/intent\/tweet?button_hashtag=internetgt\" data-text=\"Quiero que Internet en Guatemala... \" data-show-count=\"false\">Tweet #internetgt<\/a><script async=\"\" src=\"\/\/platform.twitter.com\/widgets.js\" charset=\"utf-8\"><\/script><\/p>\n<p><a href=\"https:\/\/www.facebook.com\/TuInternetGT\/\">Facebook<\/a><\/p>\n","protected":false},"excerpt":{"rendered":"<p>\u00a1Participa en la discusi\u00f3n de la Carta de Internet en Guatemala! El presente proceso iniciado por Web Foundation y apoyado por distintas organizaciones de la Sociedad Civil de Guatemala busca crear una Carta de principios para definir el futuro de Internet en Guatemala. Puedes participar registr\u00e1ndote por Twitter y comentando en la plataforma cada uno [&hellip;]<\/p>\n","protected":false},"author":4,"featured_media":1765,"parent":0,"menu_order":0,"comment_status":"closed","ping_status":"closed","template":"template-modules.php","meta":{"footnotes":""},"class_list":["post-1773","page","type-page","status-publish","has-post-thumbnail","hentry"],"_links":{"self":[{"href":"https:\/\/webwewant.org\/es\/wp-json\/wp\/v2\/pages\/1773"}],"collection":[{"href":"https:\/\/webwewant.org\/es\/wp-json\/wp\/v2\/pages"}],"about":[{"href":"https:\/\/webwewant.org\/es\/wp-json\/wp\/v2\/types\/page"}],"author":[{"embeddable":true,"href":"https:\/\/webwewant.org\/es\/wp-json\/wp\/v2\/users\/4"}],"replies":[{"embeddable":true,"href":"https:\/\/webwewant.org\/es\/wp-json\/wp\/v2\/comments?post=1773"}],"version-history":[{"count":0,"href":"https:\/\/webwewant.org\/es\/wp-json\/wp\/v2\/pages\/1773\/revisions"}],"wp:featuredmedia":[{"embeddable":true,"href":"https:\/\/webwewant.org\/es\/wp-json\/wp\/v2\/media\/1765"}],"wp:attachment":[{"href":"https:\/\/webwewant.org\/es\/wp-json\/wp\/v2\/media?parent=1773"}],"curies":[{"name":"wp","href":"https:\/\/api.w.org\/{rel}","templated":true}]}}