{"id":1249,"date":"2015-08-04T20:30:22","date_gmt":"2015-08-04T20:30:22","guid":{"rendered":"https:\/\/webwewant.org\/es\/?page_id=1249"},"modified":"2016-01-08T13:45:17","modified_gmt":"2016-01-08T13:45:17","slug":"politica-de-privacidad","status":"publish","type":"page","link":"https:\/\/webwewant.org\/es\/politica-de-privacidad\/","title":{"rendered":"Pol\u00edtica de privacidad"},"content":{"rendered":"<p>Desde Web We Want creemos firmemente que tienes el derecho a controlar el uso de tu informaci\u00f3n personal y que tu privacidad debe ser respetada. Limitamos estrictamente el tratamiento de tus datos personales y solo trabajamos con otras organizaciones que hagan lo mismo.<\/p>\n<p>La informaci\u00f3n personal que proporcionas a la campa\u00f1a de Web We Want ser\u00e1 utilizada \u00fanicamente para el servicio que has solicitado. Web We Want no usar\u00e1 tus datos personales con fines comerciales. Nosotros no compramos u obtenemos datos de otras fuentes. Cualquier intento por parte de agencias gubernamentales u organizaciones del sector privado de acceder a cualquier dato que nos hayas dado encontrar\u00e1 nuestra firme resistencia.<\/p>\n<p>Utilizamos varios proveedores de servicios de correo electr\u00f3nico en Estados Unidos y, por lo tanto, nuestros correos electr\u00f3nicos son susceptibles de acceso legal en dicha jurisdicci\u00f3n. Hacemos todo lo posible para eliminar los correos electr\u00f3nicos de los servidores tantas veces y tan r\u00e1pido como nos es posible para que cualquier acci\u00f3n legal se dirija contra nosotros en lugar de contra nuestros proveedores de servicios de correo electr\u00f3nico.<\/p>\n<p>Usamos un n\u00famero limitado de listas de correo y su composici\u00f3n es confidencial, aunque compartimos esta informaci\u00f3n con nuestros proveedores de servicios de correo electr\u00f3nico por motivos relacionados con la gesti\u00f3n de estas listas.<\/p>\n<p><strong>Preguntas<\/strong><\/p>\n<p>Si tienes alguna pregunta con respecto a nuestra pol\u00edtica de privacidad o necesitas cualquier aclaraci\u00f3n, por favor, <a href=\"http:\/\/webwewant.org\/contact\/\">ponte en contacto con nosotros<\/a>.<\/p>\n","protected":false},"excerpt":{"rendered":"<p>Desde Web We Want creemos firmemente que tienes el derecho a controlar el uso de tu informaci\u00f3n personal y que tu privacidad debe ser respetada. Limitamos estrictamente el tratamiento de tus datos personales y solo trabajamos con otras organizaciones que hagan lo mismo. La informaci\u00f3n personal que proporcionas a la campa\u00f1a de Web We Want [&hellip;]<\/p>\n","protected":false},"author":5,"featured_media":0,"parent":0,"menu_order":0,"comment_status":"closed","ping_status":"closed","template":"","meta":{"footnotes":""},"class_list":["post-1249","page","type-page","status-publish","hentry"],"_links":{"self":[{"href":"https:\/\/webwewant.org\/es\/wp-json\/wp\/v2\/pages\/1249"}],"collection":[{"href":"https:\/\/webwewant.org\/es\/wp-json\/wp\/v2\/pages"}],"about":[{"href":"https:\/\/webwewant.org\/es\/wp-json\/wp\/v2\/types\/page"}],"author":[{"embeddable":true,"href":"https:\/\/webwewant.org\/es\/wp-json\/wp\/v2\/users\/5"}],"replies":[{"embeddable":true,"href":"https:\/\/webwewant.org\/es\/wp-json\/wp\/v2\/comments?post=1249"}],"version-history":[{"count":0,"href":"https:\/\/webwewant.org\/es\/wp-json\/wp\/v2\/pages\/1249\/revisions"}],"wp:attachment":[{"href":"https:\/\/webwewant.org\/es\/wp-json\/wp\/v2\/media?parent=1249"}],"curies":[{"name":"wp","href":"https:\/\/api.w.org\/{rel}","templated":true}]}}