{"id":1219,"date":"2015-09-04T11:46:45","date_gmt":"2015-09-04T11:46:45","guid":{"rendered":"https:\/\/webwewant.org\/es\/?page_id=1219"},"modified":"2016-01-08T12:04:42","modified_gmt":"2016-01-08T12:04:42","slug":"comite-directivo","status":"publish","type":"page","link":"https:\/\/webwewant.org\/es\/sobre-nosotros\/comite-directivo\/","title":{"rendered":"Comit\u00e9 Directivo"},"content":{"rendered":"<p>El Comit\u00e9 Directivo de Web We Want establece los principales objetivos, pol\u00edticas y estrategias para nuestro trabajo. Se compone de nueve organizaciones miembros: siete representan una regi\u00f3n y dos son internacionales.<\/p>\n<p><strong>Miembros<\/strong><\/p>\n<p><a href=\"https:\/\/www.eff.org\/\">Electronic Frontier Foundation<\/a> | Norteam\u00e9rica<br \/>\n<a href=\"http:\/\/itsrio.org\/en\/\">ITS Rio<\/a> | Am\u00e9rica central, del Sur y el Caribe<br \/>\n<a href=\"https:\/\/edri.org\/\">EDRI<\/a> | Europa, el C\u00e1ucaso y Rusia<br \/>\n<a href=\"http:\/\/mediarightsagenda.net\/web\">Media Rights Agenda<\/a> | \u00c1frica<br \/>\n<a href=\"http:\/\/www.itforchange.net\/\">IT for Chang<\/a> | Asia del Sur<br \/>\n* Vacante que ser\u00e1 cubierta en breve * | El sudeste asi\u00e1tico y China<br \/>\n<a href=\"http:\/\/www.7iber.com\/\"><span class=\"s3\">7iber.com<\/span><\/a> <\/span>| Oriente Medio y \u00c1frica del Norte<br \/>\n<a href=\"http:\/\/advocacy.globalvoicesonline.org\/\">Global Voices Advocacy<\/a> | Internacional<br \/>\n<a href=\"https:\/\/www.mozilla.org\/en-US\/\">Mozilla<\/a> | Internacional<\/p>\n<p>Son los mismos miembros del Comit\u00e9 los que eligen a los nuevos representantes regionales e internacionales por votaci\u00f3n (los representantes regionales votan por los miembros regionales y todos votan por los miembros internacionales).<\/p>\n","protected":false},"excerpt":{"rendered":"<p>El Comit\u00e9 Directivo de Web We Want establece los principales objetivos, pol\u00edticas y estrategias para nuestro trabajo. Se compone de nueve organizaciones miembros: siete representan una regi\u00f3n y dos son internacionales. Miembros Electronic Frontier Foundation | Norteam\u00e9rica ITS Rio | Am\u00e9rica central, del Sur y el Caribe EDRI | Europa, el C\u00e1ucaso y Rusia Media [&hellip;]<\/p>\n","protected":false},"author":5,"featured_media":0,"parent":1217,"menu_order":0,"comment_status":"open","ping_status":"closed","template":"","meta":{"footnotes":""},"class_list":["post-1219","page","type-page","status-publish","hentry"],"_links":{"self":[{"href":"https:\/\/webwewant.org\/es\/wp-json\/wp\/v2\/pages\/1219"}],"collection":[{"href":"https:\/\/webwewant.org\/es\/wp-json\/wp\/v2\/pages"}],"about":[{"href":"https:\/\/webwewant.org\/es\/wp-json\/wp\/v2\/types\/page"}],"author":[{"embeddable":true,"href":"https:\/\/webwewant.org\/es\/wp-json\/wp\/v2\/users\/5"}],"replies":[{"embeddable":true,"href":"https:\/\/webwewant.org\/es\/wp-json\/wp\/v2\/comments?post=1219"}],"version-history":[{"count":0,"href":"https:\/\/webwewant.org\/es\/wp-json\/wp\/v2\/pages\/1219\/revisions"}],"up":[{"embeddable":true,"href":"https:\/\/webwewant.org\/es\/wp-json\/wp\/v2\/pages\/1217"}],"wp:attachment":[{"href":"https:\/\/webwewant.org\/es\/wp-json\/wp\/v2\/media?parent=1219"}],"curies":[{"name":"wp","href":"https:\/\/api.w.org\/{rel}","templated":true}]}}